{"id":1201,"date":"2019-12-08T14:43:48","date_gmt":"2019-12-08T13:43:48","guid":{"rendered":"http:\/\/www.sanstransition.org\/?page_id=1201"},"modified":"2025-03-06T12:40:35","modified_gmt":"2025-03-06T11:40:35","slug":"critique-de-lideologie-de-la-bienveillance","status":"publish","type":"page","link":"https:\/\/www.sanstransition.org\/index.php\/education-populaire\/critique-de-lideologie-de-la-bienveillance\/","title":{"rendered":"Critique de l&rsquo;id\u00e9ologie de la bienveillance"},"content":{"rendered":"\n<h3 class=\"wp-block-heading\">Pr\u00e9sentation<\/h3>\n\n\n\n<figure class=\"wp-block-image aligncenter size-large is-resized\"><img loading=\"lazy\" decoding=\"async\" width=\"1024\" height=\"577\" src=\"https:\/\/www.sanstransition.org\/wp-content\/uploads\/2023\/02\/Bienveillance-test-11-1024x577.png\" alt=\"\" class=\"wp-image-1470\" srcset=\"https:\/\/www.sanstransition.org\/wp-content\/uploads\/2023\/02\/Bienveillance-test-11-1024x577.png 1024w, https:\/\/www.sanstransition.org\/wp-content\/uploads\/2023\/02\/Bienveillance-test-11-300x169.png 300w, https:\/\/www.sanstransition.org\/wp-content\/uploads\/2023\/02\/Bienveillance-test-11-768x433.png 768w, https:\/\/www.sanstransition.org\/wp-content\/uploads\/2023\/02\/Bienveillance-test-11-1536x865.png 1536w, https:\/\/www.sanstransition.org\/wp-content\/uploads\/2023\/02\/Bienveillance-test-11.png 1640w\" sizes=\"auto, (max-width: 1024px) 100vw, 1024px\" \/><\/figure>\n\n\n\n<p>En r\u00e9action \u00e0 des fonctionnements laissant le champ libre aux rapports de domination, la bienveillance est devenue dans beaucoup d&rsquo;organisations une valeur centrale. Il s&rsquo;agit de respecter chaque personne, de faire en sorte que chacun soit confortable avec le fonctionnement du groupe. <\/p>\n\n\n\n<p>Pour faire vivre cette bienveillance, ces organisations s&rsquo;appuient le plus souvent sur une charte de bonne conduite (implicite ou explicite) et une batterie d&rsquo;outils comme la m\u00e9t\u00e9o int\u00e9rieure, le cadre de s\u00e9curit\u00e9, la gestion par consentement, le world caf\u00e9, le forum ouvert, l&rsquo;\u00e9lection sans candidats&#8230;<\/p>\n\n\n\n<p>Or, le fonctionnement de ces organisations reproduit souvent, et rapidement, ce qui souhaitait \u00e0 tout prix \u00eatre \u00e9vit\u00e9 : les rapports de domination, loin d&rsquo;avoir disparus, se dissimulent dans la ma\u00eetrise des outils utilis\u00e9s, les tensions inter-personnelles se multiplient et le climat se d\u00e9t\u00e9riore. <\/p>\n\n\n\n<p>La faute est souvent attribu\u00e9e \u00e0 des individus, les comportements sont surveill\u00e9s et la mani\u00e8re de faire ensemble prend le pas sur l&rsquo;objet de l&rsquo;organisation. Au bout du compte, ces fonctionnements \u00ab\u00a0bienveillants\u00a0\u00bb finissent souvent par produire des processus d&rsquo;exclusion et\/ou d&rsquo;\u00e9puisement, y compris parmi des b\u00e9n\u00e9voles. <\/p>\n\n\n\n<p>Au passage, l&rsquo;id\u00e9al de bienveillance est devenu une id\u00e9ologie qui s&rsquo;impose \u00e0 chacun sans remise en cause possible. Cette formation vise \u00e0 \u00e9clairer le glissement d&rsquo;un id\u00e9al de bienveillance, \u00e0 soutenir, \u00e0 une id\u00e9ologie destructrice d&rsquo;une dynamique de groupe, \u00e0 combattre. <\/p>\n\n\n\n<p>Issue de temps de recherche-action et d&rsquo;interventions aupr\u00e8s d&rsquo;organisations se r\u00e9clamant de cet id\u00e9al de bienveillance, cette formation analyse les m\u00e9canismes et les principes de cette id\u00e9ologie, et les limites et les \u00e9cueils pos\u00e9s par l&rsquo;usage des outils qu&rsquo;elle pr\u00f4ne.<\/p>\n\n\n\n<p>L&rsquo;intention de cette formation est de se doter de retours critiques pour adapter les outils et d\u00e9marches de l&rsquo;intelligence collective et de la gouvernance partag\u00e9e au fonctionnement de son groupe, en connaissance de cause de leurs limites et d\u00e9rives possibles.<\/p>\n\n\n\n<h3 class=\"wp-block-heading\">Pour programmer cette formation<\/h3>\n\n\n\n<p>J\u2019interviens sur demande d\u2019une organisation pour son \u00e9quipe de salari\u00e9-e-s et\/ou de b\u00e9n\u00e9voles. Pour obtenir une prise en charge de cette formation par votre OPCO, contactez-moi.<\/p>\n\n\n\n<p>Cette formation est en effet accessible \u00e0 une prise-en-charge par les fonds de formation. En effet, Sans Transition est membre d\u2019Oxalis, certifi\u00e9e Qualiopi au titre des actions de formation, des bilans de comp\u00e9tences et des actions permettant de faire valider les acquis de l\u2019exp\u00e9rience.<\/p>\n\n\n\n<p>En dehors de demandes \u00e9manant d&rsquo;une \u00e9quipe de travail, je peux aussi la programmer par chez vous si un noyau de personnes s\u2019organise pour l\u2019accueillir. Le financement peut alors se faire via des demandes de prise-en-charge de cette formation \u00e0 l&#8217;employeur des personnes salari\u00e9es.<\/p>\n\n\n\n<p>Dans tous les cas, contactez-moi ! (\u00c9crire<em> \u00e0 <a href=\"mailto:anthonybrault@gmail.com\">anthonybrault@gmail.com<\/a><\/em>)<\/p>\n\n\n\n<p>Personnes en situation de handicap : des conditions d\u2019accessibilit\u00e9s peuvent \u00eatre mises en place. Merci de nous en informer avant afin de convenir ensemble des modalit\u00e9s d\u2019accueil.<\/p>\n\n\n\n<h3 class=\"wp-block-heading\">Ressources<\/h3>\n\n\n\n<p>Voici un article synth\u00e9tisant la mati\u00e8re issue de mes recherches et des productions des personnes ayant particip\u00e9 \u00e0 la formation \u00ab\u00a0critique de l&rsquo;id\u00e9ologie de la bienveillance\u00a0\u00bb que j&rsquo;ai con\u00e7u et propos\u00e9 une dizaine de fois :<br><\/p>\n\n\n\n<div data-wp-interactive=\"core\/file\" class=\"wp-block-file\"><object data-wp-bind--hidden=\"!state.hasPdfPreview\" hidden class=\"wp-block-file__embed\" data=\"https:\/\/www.sanstransition.org\/wp-content\/uploads\/2024\/09\/Critique-de-lIdeologie-de-la-Bienveillance-par-Anthony-Brault.pdf\" type=\"application\/pdf\" style=\"width:100%;height:600px\" aria-label=\"Contenu embarqu\u00e9 Critique de l&apos;Id\u00e9ologie de la Bienveillance par Anthony Brault.\"><\/object><a id=\"wp-block-file--media-c9264bae-1dc1-44c1-8f39-4469f93159c2\" href=\"https:\/\/www.sanstransition.org\/wp-content\/uploads\/2024\/09\/Critique-de-lIdeologie-de-la-Bienveillance-par-Anthony-Brault.pdf\">Critique de l&rsquo;Id\u00e9ologie de la Bienveillance par Anthony Brault<\/a><a href=\"https:\/\/www.sanstransition.org\/wp-content\/uploads\/2024\/09\/Critique-de-lIdeologie-de-la-Bienveillance-par-Anthony-Brault.pdf\" class=\"wp-block-file__button wp-element-button\" download aria-describedby=\"wp-block-file--media-c9264bae-1dc1-44c1-8f39-4469f93159c2\">T\u00e9l\u00e9charger<\/a><\/div>\n","protected":false},"excerpt":{"rendered":"<p>Pr\u00e9sentation En r\u00e9action \u00e0 des fonctionnements laissant le champ libre aux rapports de domination, la bienveillance est devenue dans beaucoup d&rsquo;organisations une valeur centrale. Il s&rsquo;agit de respecter chaque personne, de faire en sorte que chacun soit confortable avec le fonctionnement du groupe. Pour faire vivre cette bienveillance, ces organisations s&rsquo;appuient le plus souvent sur [&hellip;]<\/p>\n","protected":false},"author":1,"featured_media":0,"parent":447,"menu_order":0,"comment_status":"closed","ping_status":"closed","template":"","meta":{"jetpack_post_was_ever_published":false,"footnotes":""},"class_list":["post-1201","page","type-page","status-publish","hentry"],"jetpack_sharing_enabled":true,"_links":{"self":[{"href":"https:\/\/www.sanstransition.org\/index.php\/wp-json\/wp\/v2\/pages\/1201","targetHints":{"allow":["GET"]}}],"collection":[{"href":"https:\/\/www.sanstransition.org\/index.php\/wp-json\/wp\/v2\/pages"}],"about":[{"href":"https:\/\/www.sanstransition.org\/index.php\/wp-json\/wp\/v2\/types\/page"}],"author":[{"embeddable":true,"href":"https:\/\/www.sanstransition.org\/index.php\/wp-json\/wp\/v2\/users\/1"}],"replies":[{"embeddable":true,"href":"https:\/\/www.sanstransition.org\/index.php\/wp-json\/wp\/v2\/comments?post=1201"}],"version-history":[{"count":24,"href":"https:\/\/www.sanstransition.org\/index.php\/wp-json\/wp\/v2\/pages\/1201\/revisions"}],"predecessor-version":[{"id":2764,"href":"https:\/\/www.sanstransition.org\/index.php\/wp-json\/wp\/v2\/pages\/1201\/revisions\/2764"}],"up":[{"embeddable":true,"href":"https:\/\/www.sanstransition.org\/index.php\/wp-json\/wp\/v2\/pages\/447"}],"wp:attachment":[{"href":"https:\/\/www.sanstransition.org\/index.php\/wp-json\/wp\/v2\/media?parent=1201"}],"curies":[{"name":"wp","href":"https:\/\/api.w.org\/{rel}","templated":true}]}}