{"id":1348,"date":"2023-01-20T09:24:26","date_gmt":"2023-01-20T08:24:26","guid":{"rendered":"https:\/\/www.sanstransition.org\/?page_id=1348"},"modified":"2026-03-13T16:31:15","modified_gmt":"2026-03-13T15:31:15","slug":"recits-dinterventions","status":"publish","type":"page","link":"https:\/\/www.sanstransition.org\/index.php\/interventions\/recits-dinterventions\/","title":{"rendered":"R\u00e9cits d&rsquo;interventions"},"content":{"rendered":"\n<h3 class=\"wp-block-heading\">Confidentialit\u00e9 et anonymisation<\/h3>\n\n\n\n<p>Le format court des r\u00e9cits pr\u00e9sent\u00e9s ici ne permet pas de rendre compte de la complexit\u00e9 de la situation, ou de l\u2019ensemble des dimensions abord\u00e9es pendant notre intervention. Ces r\u00e9cits sont destin\u00e9s \u00e0 illustrer concr\u00e8tement ce qu\u2019une assembl\u00e9e peut produire pour elle-m\u00eame pendant une socianalyse.<\/p>\n\n\n\n<p>Chacune de nos interventions donne lieu \u00e0 des travaux post-intervention : une monographie &#8211; un expos\u00e9 \u00e9crit le plus complet possible des analyses produites par l&rsquo;assembl\u00e9e et du cheminement de l&rsquo;intervention, \u00e0 une intervision ou une supervision &#8211; une \u00e9laboration par les pairs ou des personnes-ressources \u00e0 partir des difficult\u00e9s expos\u00e9es par l&rsquo;\u00e9quipe d&rsquo;intervenant \u00e0 propos de sa conduite. Ce travail n\u00e9cessite une anonymisation pr\u00e9alable de la mati\u00e8re de travail que constitue nos interventions. En effet, y compris au sein du r\u00e9seau des praticiens de la socianalyse, nous garantissons la confidentialit\u00e9 sur l&rsquo;identit\u00e9 des organisations et des personnes au service desquelles nous sommes intervenus.<\/p>\n\n\n\n<p>Les interventions relat\u00e9es ci dessous ont \u00e9t\u00e9s conduites par moi-m\u00eame et d&rsquo;autres socianalystes : je n&rsquo;interviens jamais seul. Ce travail de mise-en-r\u00e9cit et beaucoup de ces interventions ont \u00e9t\u00e9 conduites avec Roxane Zadvat avec laquelle je collabore au sein du collectif <a href=\"https:\/\/www.boitenoire.net\/\">La Boite Noire. <\/a><\/p>\n\n\n\n<h3 class=\"wp-block-heading\">Sommaire<\/h3>\n\n\n\n<h4 class=\"wp-block-heading\"><a href=\"https:\/\/www.sanstransition.org\/index.php\/recits-dinterventions\/dans-des-associations\/\">Dans des associations<\/a><\/h4>\n\n\n\n<p>1- Quand la confrontation c\u00e8de le pas \u00e0 la coop\u00e9ration dans un r\u00e9seau associatif.<\/p>\n\n\n\n<p>2- Quand un restaurant associatif affronte le d\u00e9part de la fondatrice.<\/p>\n\n\n\n<p>3- Quand les permanents et les b\u00e9n\u00e9voles font table rase pour partager les responsabilit\u00e9s.<\/p>\n\n\n\n<p>4- Quand une ferme urbaine exclue un b\u00e9n\u00e9vole pour renouer avec ses ambitions fondatrices.&nbsp;<\/p>\n\n\n\n<h4 class=\"wp-block-heading\"><a href=\"https:\/\/www.sanstransition.org\/index.php\/recits-dinterventions\/dans-des-structures-a-vocation-sociale\/\">Dans des structures \u00e0 vocation sociale<\/a><\/h4>\n\n\n\n<p>1- Quand un service d\u2019accueil de toxicomanes \u00e0 l\u2019h\u00f4pital se ressoude derri\u00e8re sa directrice, d\u00e9l\u00e9gitim\u00e9e jusqu\u2019ici.<\/p>\n\n\n\n<p>2- Quand une entreprise de r\u00e9insertion par le travail se r\u00e9organise autour du retrait de son directeur.<\/p>\n\n\n\n<p>3- Quand la direction d&rsquo;une maison de jeunes d\u00e9tend les relations entre ses diff\u00e9rents p\u00f4les.<\/p>\n\n\n\n<p>4- Quand un lieu de vie analyse la tension entre son mythe fondateur et ses dispositifs de financement pour se lib\u00e9rer des deux.<\/p>\n\n\n\n<h4 class=\"wp-block-heading\"><a href=\"https:\/\/www.sanstransition.org\/index.php\/recits-dinterventions\/dans-des-habitats-partages\/\">Dans des habitats partag\u00e9s<\/a><\/h4>\n\n\n\n<p>1- Vivre en habitat group\u00e9 quand : l\u2019utopie politique s\u2019\u00e9corne au contact de la r\u00e9alit\u00e9.<\/p>\n\n\n\n<p>2- Quand l&rsquo;analyse d&rsquo;un litige de voisinage permet de sortir du silence et de la d\u00e9fiance les habitants d&rsquo;un hameau.<\/p>\n\n\n\n<p>3- Quand un habitat group\u00e9 s&rsquo;autorise \u00e0 ne plus faire collectif pour retrouver de la fluidit\u00e9.<\/p>\n\n\n\n<h4 class=\"wp-block-heading\"><a href=\"https:\/\/www.sanstransition.org\/index.php\/recits-dinterventions\/autres-interventions\/\">Autres interventions<\/a><\/h4>\n\n\n\n<p>1- Quand la r\u00e9conciliation des visions strat\u00e9giques et politique dynamise l\u2019\u00e9quipe d\u2019une salle de concert.<\/p>\n\n\n\n<p>2- Quand un consortium d\u2019innovation sociale en recherche-action renonce \u00e0 des financements de poste pour mieux se d\u00e9velopper.<\/p>\n","protected":false},"excerpt":{"rendered":"<p>Confidentialit\u00e9 et anonymisation Le format court des r\u00e9cits pr\u00e9sent\u00e9s ici ne permet pas de rendre compte de la complexit\u00e9 de la situation, ou de l\u2019ensemble des dimensions abord\u00e9es pendant notre intervention. Ces r\u00e9cits sont destin\u00e9s \u00e0 illustrer concr\u00e8tement ce qu\u2019une assembl\u00e9e peut produire pour elle-m\u00eame pendant une socianalyse. Chacune de nos interventions donne lieu \u00e0 [&hellip;]<\/p>\n","protected":false},"author":1,"featured_media":0,"parent":3437,"menu_order":6,"comment_status":"closed","ping_status":"closed","template":"","meta":{"jetpack_post_was_ever_published":false,"footnotes":""},"class_list":["post-1348","page","type-page","status-publish","hentry"],"jetpack_sharing_enabled":true,"_links":{"self":[{"href":"https:\/\/www.sanstransition.org\/index.php\/wp-json\/wp\/v2\/pages\/1348","targetHints":{"allow":["GET"]}}],"collection":[{"href":"https:\/\/www.sanstransition.org\/index.php\/wp-json\/wp\/v2\/pages"}],"about":[{"href":"https:\/\/www.sanstransition.org\/index.php\/wp-json\/wp\/v2\/types\/page"}],"author":[{"embeddable":true,"href":"https:\/\/www.sanstransition.org\/index.php\/wp-json\/wp\/v2\/users\/1"}],"replies":[{"embeddable":true,"href":"https:\/\/www.sanstransition.org\/index.php\/wp-json\/wp\/v2\/comments?post=1348"}],"version-history":[{"count":7,"href":"https:\/\/www.sanstransition.org\/index.php\/wp-json\/wp\/v2\/pages\/1348\/revisions"}],"predecessor-version":[{"id":1368,"href":"https:\/\/www.sanstransition.org\/index.php\/wp-json\/wp\/v2\/pages\/1348\/revisions\/1368"}],"up":[{"embeddable":true,"href":"https:\/\/www.sanstransition.org\/index.php\/wp-json\/wp\/v2\/pages\/3437"}],"wp:attachment":[{"href":"https:\/\/www.sanstransition.org\/index.php\/wp-json\/wp\/v2\/media?parent=1348"}],"curies":[{"name":"wp","href":"https:\/\/api.w.org\/{rel}","templated":true}]}}