{"id":1389,"date":"2023-02-20T19:08:00","date_gmt":"2023-02-20T18:08:00","guid":{"rendered":"https:\/\/www.sanstransition.org\/?page_id=1389"},"modified":"2025-03-06T12:45:17","modified_gmt":"2025-03-06T11:45:17","slug":"intervenir-dans-lespace-public","status":"publish","type":"page","link":"https:\/\/www.sanstransition.org\/index.php\/education-populaire\/intervenir-dans-lespace-public\/","title":{"rendered":"Intervenir dans l&rsquo;espace public"},"content":{"rendered":"\n<p>Prochaine formation du mardi 10 Juin 2025 \u00e0 14h au vendredi 13 Juin 2025 \u00e0 14h vers Rennes. Informations et inscriptions par mail \u00e0 <a href=\"mailto:anthonybrault@gmail.com\">anthonybrault@gmail.com<\/a><\/p>\n\n\n\n<h3 class=\"wp-block-heading\">Intention<\/h3>\n\n\n\n<p>Connaissez-vous le Porteurs de Paroles ? Cet outil d&rsquo;\u00e9ducation populaire vise \u00e0 militer autrement, en allant dans l&rsquo;espace public \u00e0 la rencontre de passants. Il a \u00e9t\u00e9 cr\u00e9\u00e9 par un collectif tourangeau, L\u00e9zards Politiques, dont je suis co-fondateur. <br><br>Il s&rsquo;agissait \u00e0 l&rsquo;\u00e9poque (au d\u00e9but des ann\u00e9es 2000) de militer autrement, en proposant des d\u00e9bats politiques dans l&rsquo;espace public, \u00e0 l&rsquo;aide de \u00ab\u00a0modules d&rsquo;intervention\u00a0\u00bb, c&rsquo;est-\u00e0-dire de r\u00e9cits autobiographiques fictifs, se voulant dr\u00f4les et intrigants, et se terminant sur une question invitant \u00e0 la discussion.<\/p>\n\n\n\n<p>Le Porteur de Paroles a ainsi \u00e9t\u00e9 le \u00ab\u00a0module d&rsquo;intervention\u00a0\u00bb le plus \u00e9pur\u00e9 de nos dispositifs. Mais il en existait une vingtaine d&rsquo;autres ! Je propose maintenant de transmettre et poursuivre cette d\u00e9marche d&rsquo;intervention, avec cette formation intitul\u00e9e \u00ab\u00a0intervenir dans l&rsquo;espace public\u00a0\u00bb.<\/p>\n\n\n\n<p>Je propose toujours la formation au Porteur de Parole, <a href=\"https:\/\/www.sanstransition.org\/index.php\/outils-danimation\/porteurs-de-parole\/\">les infos sont ici (toujours sur ce site)<\/a>.<\/p>\n\n\n\n<h3 class=\"wp-block-heading\">Pr\u00e9sentation<\/h3>\n\n\n\n<p>Cette formation est pens\u00e9e pour outiller des \u00e9quipes \u00e0 passer \u00e0 l&rsquo;acte en concevant et exp\u00e9rimentant des modules d&rsquo;intervention sur les th\u00e9matiques choisis par les participants.<\/p>\n\n\n\n<p>Au travers de cette conception et de cette exp\u00e9rimentation, il s&rsquo;agit d&rsquo;identifier les freins et les difficult\u00e9s \u00e0 intervenir dans l&rsquo;espace public, de penser des mani\u00e8res de les d\u00e9passer, de s&rsquo;y essayer en s\u00e9curit\u00e9 pendant la formation, avec des strat\u00e9gies adapt\u00e9es aux difficult\u00e9s de chacune et chacun.<\/p>\n\n\n\n<p>Cette formation propose aussi de s&rsquo;approprier des comp\u00e9tences n\u00e9cessaires \u00e0 l&rsquo;intervention dans l&rsquo;espace public : <\/p>\n\n\n\n<ul class=\"wp-block-list\">\n<li>lire les flux de personnes pour choisir correctement un lieu d&rsquo;intervention dans un espace public, <\/li>\n\n\n\n<li>organiser diff\u00e9rents espaces d&rsquo;interaction avec les passants pour s&rsquo;adapter \u00e0 diff\u00e9rents degr\u00e9s d&rsquo;implication des personnes, les passants comme les animateurs du dispositif,<\/li>\n\n\n\n<li>prendre en compte les contraintes administratives et juridiques li\u00e9es \u00e0 l&rsquo;occupation d&rsquo;un espace public,<\/li>\n\n\n\n<li>se pr\u00e9parer \u00e0 conduire des entretiens, y compris avec des personnes avec qui le dialogue peut \u00eatre plus difficile<\/li>\n<\/ul>\n\n\n\n<h3 class=\"wp-block-heading\"><strong>Contenus de la formation<\/strong><\/h3>\n\n\n\n<p>Le d\u00e9roul\u00e9 pr\u00e9sent\u00e9 ici est sur 3 jours, il est imaginable de condenser cette formation sur 2 jours. <\/p>\n\n\n\n<p><strong>1\u00e8re matin\u00e9e&nbsp;:<\/strong><\/p>\n\n\n\n<ul class=\"wp-block-list\">\n<li>Pr\u00e9sentation de la formation, des participant.e.s et de leurs pratiques d&rsquo;intervention dans l&rsquo;espace public, recueil des attentes et d\u00e9finition des objectifs op\u00e9rationnels de la formation<\/li>\n\n\n\n<li>Pr\u00e9sentation de la d\u00e9marche d&rsquo;intervention du collectif \u00ab&nbsp;L\u00e9zards Politiques&nbsp;\u00bb<\/li>\n\n\n\n<li>Pr\u00e9sentation de deux modules d&rsquo;intervention&nbsp;: Porteurs de Parole &amp; Rayon Homme \/ Rayon Femme<\/li>\n\n\n\n<li>Apports sur la d\u00e9marche de conception et d&rsquo;utilisation d&rsquo;un module d&rsquo;intervention,<\/li>\n<\/ul>\n\n\n\n<p><strong>1er apr\u00e8s-midi&nbsp;:<\/strong><\/p>\n\n\n\n<ul class=\"wp-block-list\">\n<li>Temps d&rsquo;\u00e9changes sur les conditions et contraintes li\u00e9es \u00e0 l&rsquo;utilisation potentielle de modules d&rsquo;intervention dans le contexte professionnel des participants.<\/li>\n\n\n\n<li>Apports du formateur en compl\u00e9ment \u00e9ventuel des \u00e9changes, notamment sur les diff\u00e9rentes utilisations possibles de modules d&rsquo;interventions<\/li>\n\n\n\n<li>D\u00e9finition de th\u00e8mes de futurs modules d&rsquo;intervention, dont la conception sera amorc\u00e9e pendant la formation.<\/li>\n\n\n\n<li>Travail sur l&rsquo;angle choisi pour traiter ce th\u00e8me, guidant ensuite la conception et les \u00e9changes.<\/li>\n<\/ul>\n\n\n\n<p><strong>2\u00e8me matin\u00e9e&nbsp;:<\/strong><\/p>\n\n\n\n<ul class=\"wp-block-list\">\n<li>D\u00e9finition d&rsquo;une question d&rsquo;ouverture sur le th\u00e8me choisi pour un futur module d&rsquo;intervention, \u00e0 partir de l&rsquo;angle retenu la veille<\/li>\n\n\n\n<li>Exp\u00e9rimentation de la question sous forme de d\u00e9ambulation dans l&rsquo;espace public.<\/li>\n\n\n\n<li>D\u00e9briefing de cette exp\u00e9rimentation sur le fond et sur la forme et apport du formateur sur les questions et difficult\u00e9s rencontr\u00e9es pendant cette exp\u00e9rimentation<\/li>\n<\/ul>\n\n\n\n<p><strong>2\u00e8me apr\u00e8s-midi&nbsp;:<\/strong><\/p>\n\n\n\n<ul class=\"wp-block-list\">\n<li>Apports du formateur sur l&rsquo;entr\u00e9e en relation, la conduite d&rsquo;entretiens et la synth\u00e8se des \u00e9changes<\/li>\n\n\n\n<li>\u00c9bauche du contenu des modules d&rsquo;intervention<\/li>\n\n\n\n<li>\u00c9changes entre participants sur les contenus \u00e0 proposer selon les publics vis\u00e9s et les contextes d&rsquo;utilisation potentielle de ces futurs modules d&rsquo;intervention<\/li>\n<\/ul>\n\n\n\n<p><strong>3\u00e8me m<\/strong><strong>atin\u00e9e&nbsp;:<\/strong><\/p>\n\n\n\n<ul class=\"wp-block-list\">\n<li>D\u00e9finition des strat\u00e9gies d&rsquo;intervention \u00e0 l&rsquo;aide de ces modules d&rsquo;intervention, \u00e9changes \u00e9ventuels sur des contraintes administratives et juridiques li\u00e9es \u00e0 l\u2019occupation d\u2019un espace public<\/li>\n\n\n\n<li>Apports du formateur sur l&rsquo;analyse d&rsquo;espaces publics et l&rsquo;am\u00e9nagement d&rsquo;un espace public<\/li>\n<\/ul>\n\n\n\n<p><strong>3\u00e8me apr\u00e8s-midi&nbsp;:<\/strong><\/p>\n\n\n\n<ul class=\"wp-block-list\">\n<li>Travail sur le passage d&rsquo;un contenu \u00e0 un r\u00e9cit et \u00e0 sa mise-en-forme, pr\u00e9figurant un futur module d&rsquo;intervention<\/li>\n\n\n\n<li>Apports du formateur sur la cr\u00e9ation d&rsquo;un r\u00e9cit et sa mise-en-forme<\/li>\n\n\n\n<li>\u00c9changes sur les suites \u00e0 donner \u00e0 cette formation et aux \u00e9bauches des modules d&rsquo;intervention<\/li>\n<\/ul>\n\n\n\n<p>Des compl\u00e9ments peuvent \u00eatre propos\u00e9s sur&nbsp;:<\/p>\n\n\n\n<ul class=\"wp-block-list\">\n<li>la mise-en-forme et la r\u00e9alisation concr\u00e8te des modules d&rsquo;intervention, prenant en compte diff\u00e9rents usages, le transport, l&rsquo;esth\u00e9tique, le volume, le graphisme, les illustrations, les polices, etc. d&rsquo;un module d&rsquo;intervention<\/li>\n\n\n\n<li>l&rsquo;exp\u00e9rimentation du dispositif Porteurs de Parole, avec ses diff\u00e9rents r\u00f4les (scribe, animation, observation, am\u00e9nagement), et sa logistique<\/li>\n\n\n\n<li>Suivi, \u00e9volution et \u00e9valuation des modules d&rsquo;intervention cr\u00e9\u00e9s <\/li>\n<\/ul>\n\n\n\n<h3 class=\"wp-block-heading\">Pour suivre cette formation<\/h3>\n\n\n\n<p>En dehors des formations que j&rsquo;organise, j\u2019interviens sur demande d\u2019une organisation pour son \u00e9quipe de salari\u00e9-e-s et\/ou de b\u00e9n\u00e9voles. Pour obtenir une prise en charge de cette formation par votre OPCO, contactez-moi.<\/p>\n\n\n\n<p>Cette formation est en effet accessible \u00e0 une prise-en-charge par les fonds de formation. En effet, Sans Transition est membre d\u2019Oxalis, certifi\u00e9e Qualiopi au titre des actions de formation, des bilans de comp\u00e9tences et des actions permettant de faire valider les acquis de l\u2019exp\u00e9rience.<\/p>\n\n\n\n<p>En dehors de demandes \u00e9manant d\u2019une \u00e9quipe de travail, je peux aussi la programmer par chez vous si un noyau de personnes s\u2019organise pour l\u2019accueillir. Le financement peut alors se faire via des demandes de prise-en-charge de cette formation \u00e0 l\u2019employeur des personnes salari\u00e9es.<\/p>\n\n\n\n<p>Dans tous les cas, contactez-moi ! (\u00c9crire<em> \u00e0 <a href=\"mailto:anthonybrault@gmail.com\">anthonybrault@gmail.com<\/a><\/em>)<\/p>\n\n\n\n<p>Personnes en situation de handicap : des conditions d\u2019accessibilit\u00e9s peuvent \u00eatre mises en place. Merci de nous en informer avant afin de convenir ensemble des modalit\u00e9s d\u2019accueil.<\/p>\n","protected":false},"excerpt":{"rendered":"<p>Prochaine formation du mardi 10 Juin 2025 \u00e0 14h au vendredi 13 Juin 2025 \u00e0 14h vers Rennes. Informations et inscriptions par mail \u00e0 anthonybrault@gmail.com Intention Connaissez-vous le Porteurs de Paroles ? Cet outil d&rsquo;\u00e9ducation populaire vise \u00e0 militer autrement, en allant dans l&rsquo;espace public \u00e0 la rencontre de passants. Il a \u00e9t\u00e9 cr\u00e9\u00e9 par [&hellip;]<\/p>\n","protected":false},"author":1,"featured_media":0,"parent":447,"menu_order":0,"comment_status":"closed","ping_status":"closed","template":"","meta":{"jetpack_post_was_ever_published":false,"footnotes":""},"class_list":["post-1389","page","type-page","status-publish","hentry"],"jetpack_sharing_enabled":true,"_links":{"self":[{"href":"https:\/\/www.sanstransition.org\/index.php\/wp-json\/wp\/v2\/pages\/1389","targetHints":{"allow":["GET"]}}],"collection":[{"href":"https:\/\/www.sanstransition.org\/index.php\/wp-json\/wp\/v2\/pages"}],"about":[{"href":"https:\/\/www.sanstransition.org\/index.php\/wp-json\/wp\/v2\/types\/page"}],"author":[{"embeddable":true,"href":"https:\/\/www.sanstransition.org\/index.php\/wp-json\/wp\/v2\/users\/1"}],"replies":[{"embeddable":true,"href":"https:\/\/www.sanstransition.org\/index.php\/wp-json\/wp\/v2\/comments?post=1389"}],"version-history":[{"count":17,"href":"https:\/\/www.sanstransition.org\/index.php\/wp-json\/wp\/v2\/pages\/1389\/revisions"}],"predecessor-version":[{"id":2767,"href":"https:\/\/www.sanstransition.org\/index.php\/wp-json\/wp\/v2\/pages\/1389\/revisions\/2767"}],"up":[{"embeddable":true,"href":"https:\/\/www.sanstransition.org\/index.php\/wp-json\/wp\/v2\/pages\/447"}],"wp:attachment":[{"href":"https:\/\/www.sanstransition.org\/index.php\/wp-json\/wp\/v2\/media?parent=1389"}],"curies":[{"name":"wp","href":"https:\/\/api.w.org\/{rel}","templated":true}]}}