{"id":1516,"date":"2023-02-24T22:04:25","date_gmt":"2023-02-24T21:04:25","guid":{"rendered":"https:\/\/www.sanstransition.org\/?page_id=1516"},"modified":"2026-03-13T15:38:41","modified_gmt":"2026-03-13T14:38:41","slug":"5mn-deduc-pop","status":"publish","type":"page","link":"https:\/\/www.sanstransition.org\/index.php\/education-populaire-2\/5mn-deduc-pop\/","title":{"rendered":"5mn d&rsquo;\u00e9duc pop"},"content":{"rendered":"\n<p>Je lance avec cette newsletter une s\u00e9rie de vid\u00e9os courtes, 5mn maximum, consacr\u00e9es \u00e0 l&rsquo;\u00e9ducation populaire. Ce travail a \u00e9t\u00e9 co-produit par le programme<a href=\"https:\/\/gret.org\/une-approche-par-les-communs-pour-un-monde-plus-juste-et-plus-durable\/\" target=\"_blank\" rel=\"noreferrer noopener\"> Approche par les communs du Gret<\/a>, une ONG fran\u00e7aise internationale de d\u00e9veloppement social, que je remercie pour l&rsquo;habillage de ces vid\u00e9os.<\/p>\n\n\n\n<p>Chaque vid\u00e9o invite \u00e0 lire le texte qui le compl\u00e8te et qui le suit, et qui se termine par une rubrique \u00ab\u00a0pour aller plus loin\u00a0\u00bb. <\/p>\n\n\n\n<p><a href=\"https:\/\/www.sanstransition.org\/index.php\/5mn-deduc-pop\/quest-ce-que-leducation-populaire\/\">#1 \u2013 Qu\u2019est-ce que l\u2019\u00e9ducation populaire ?<\/a><\/p>\n\n\n\n<p><a href=\"https:\/\/www.sanstransition.org\/index.php\/5mn-deduc-pop\/comment-mobiliser\/\">#2 \u2013 Comment mobiliser ?<\/a><\/p>\n\n\n\n<p><a href=\"https:\/\/www.sanstransition.org\/index.php\/5mn-deduc-pop\/comment-animer-des-reunions-participatives\/\">#3 \u2013 Comment animer des r\u00e9unions participatives ?<\/a><\/p>\n\n\n\n<p><a href=\"https:\/\/www.sanstransition.org\/index.php\/5mn-deduc-pop\/4-comment-faciliter-la-participation-de-chaque-personne\/\">#4 &#8211; Comment faciliter la participation de chaque personne ?<\/a><\/p>\n\n\n\n<p><a href=\"https:\/\/www.sanstransition.org\/index.php\/5mn-deduc-pop\/5-faut-il-des-outils-pour-animer-une-reunion\/\">#5 &#8211; Faut-il des outils pour animer une r\u00e9union ?<\/a><\/p>\n\n\n\n<p><a href=\"https:\/\/www.sanstransition.org\/index.php\/5mn-deduc-pop\/6-comment-decider\/\">#6 &#8211; Comment d\u00e9cider ?<\/a><\/p>\n\n\n\n<p><a href=\"https:\/\/www.sanstransition.org\/index.php\/5mn-deduc-pop\/7-comment-negocier-avec-le-pouvoir\/\">#7 &#8211; Comment n\u00e9gocier avec le pouvoir ?<\/a><\/p>\n\n\n\n<p><a href=\"https:\/\/www.sanstransition.org\/index.php\/5mn-deduc-pop\/8-comment-integrer-les-nouvelles-personnes\/\">#8 &#8211; Comment int\u00e9grer de nouvelles personnes ?<\/a><\/p>\n\n\n\n<p>Et bient\u00f4t : <\/p>\n\n\n\n<p>#9 &#8211; Quelle place pour l&rsquo;animateur ?<\/p>\n\n\n\n<p>#10 &#8211; Comment impliquer des personnes non-organis\u00e9es ?<\/p>\n\n\n\n<p>#11 &#8211; Que faire en cas de conflit ? <\/p>\n\n\n\n<p>#12 &#8211; Comment \u00e9valuer une d\u00e9marche d&rsquo;\u00e9ducation populaire ?<\/p>\n","protected":false},"excerpt":{"rendered":"<p>Je lance avec cette newsletter une s\u00e9rie de vid\u00e9os courtes, 5mn maximum, consacr\u00e9es \u00e0 l&rsquo;\u00e9ducation populaire. Ce travail a \u00e9t\u00e9 co-produit par le programme Approche par les communs du Gret, une ONG fran\u00e7aise internationale de d\u00e9veloppement social, que je remercie pour l&rsquo;habillage de ces vid\u00e9os. Chaque vid\u00e9o invite \u00e0 lire le texte qui le compl\u00e8te [&hellip;]<\/p>\n","protected":false},"author":1,"featured_media":0,"parent":3435,"menu_order":0,"comment_status":"closed","ping_status":"closed","template":"","meta":{"jetpack_post_was_ever_published":false,"footnotes":""},"class_list":["post-1516","page","type-page","status-publish","hentry"],"jetpack_sharing_enabled":true,"_links":{"self":[{"href":"https:\/\/www.sanstransition.org\/index.php\/wp-json\/wp\/v2\/pages\/1516","targetHints":{"allow":["GET"]}}],"collection":[{"href":"https:\/\/www.sanstransition.org\/index.php\/wp-json\/wp\/v2\/pages"}],"about":[{"href":"https:\/\/www.sanstransition.org\/index.php\/wp-json\/wp\/v2\/types\/page"}],"author":[{"embeddable":true,"href":"https:\/\/www.sanstransition.org\/index.php\/wp-json\/wp\/v2\/users\/1"}],"replies":[{"embeddable":true,"href":"https:\/\/www.sanstransition.org\/index.php\/wp-json\/wp\/v2\/comments?post=1516"}],"version-history":[{"count":16,"href":"https:\/\/www.sanstransition.org\/index.php\/wp-json\/wp\/v2\/pages\/1516\/revisions"}],"predecessor-version":[{"id":2870,"href":"https:\/\/www.sanstransition.org\/index.php\/wp-json\/wp\/v2\/pages\/1516\/revisions\/2870"}],"up":[{"embeddable":true,"href":"https:\/\/www.sanstransition.org\/index.php\/wp-json\/wp\/v2\/pages\/3435"}],"wp:attachment":[{"href":"https:\/\/www.sanstransition.org\/index.php\/wp-json\/wp\/v2\/media?parent=1516"}],"curies":[{"name":"wp","href":"https:\/\/api.w.org\/{rel}","templated":true}]}}