{"id":1786,"date":"2024-06-08T14:41:23","date_gmt":"2024-06-08T12:41:23","guid":{"rendered":"https:\/\/www.sanstransition.org\/?page_id=1786"},"modified":"2026-03-13T16:06:54","modified_gmt":"2026-03-13T15:06:54","slug":"supervision-dequipe","status":"publish","type":"page","link":"https:\/\/www.sanstransition.org\/index.php\/accompagnements\/supervision-dequipe\/","title":{"rendered":"Supervision d&rsquo;\u00e9quipe"},"content":{"rendered":"\n<p>Co-fondateur de la SCOP Le Pav\u00e9, j&rsquo;ai particip\u00e9 \u00e0 la d\u00e9cision de son auto-dissolution en 2014. Nos savoirs issus de l&rsquo;\u00e9ducation populaire ne nous ont pas permis de r\u00e9soudre les tensions qui nous traversaient.<\/p>\n\n\n\n<p>Entre autres enseignements acquis de la fin de cette aventure, j&rsquo;en ai retir\u00e9 que si l&rsquo;\u00e9ducation populaire invite \u00e0 travailler les conflits et les tensions, il y a un moment o\u00f9 il faut faire preuve d&rsquo;humilit\u00e9 et faire appel \u00e0 un tiers.<\/p>\n\n\n\n<p>Cette \u00e9vidence s&rsquo;impose g\u00e9n\u00e9ralement tr\u00e8s, trop, tardivement \u00e0 une \u00e9quipe ou un collectif. Comment d\u00e9terminer le moment o\u00f9 les difficult\u00e9s sont trop importantes pour s&rsquo;en d\u00e9brouiller en interne ? <\/p>\n\n\n\n<p>Quand des choses ne se disent pas mais s&rsquo;invitent dans l&rsquo;atmosph\u00e8re de moments partag\u00e9s. Quand le groupe ne comprend pas ce qui lui arrive. Quand les difficult\u00e9s perdurent ou se reproduisent malgr\u00e9 les actions entreprises.<\/p>\n\n\n\n<p>Si la socianalyse est adapt\u00e9e \u00e0 des situations bloqu\u00e9es ou critiques, elle est encore plus efficace lorsque les relations ne sont pas d\u00e9grad\u00e9es, lorsque la confiance est encore pr\u00e9sente.<\/p>\n\n\n\n<p>Je propose donc de conduire des supervisions d&rsquo;\u00e9quipe \u00e0 partir de mes r\u00e9f\u00e9rentiels que sont l&rsquo;\u00e9ducation populaire et l&rsquo;analyse institutionnelle (th\u00e9orie de la socianalyse).<\/p>\n\n\n\n<p>Une supervision d&rsquo;\u00e9quipe est une forme d&rsquo;analyse de pratiques qui ne se limite pas au champ des pratiques professionnelles. Ce mode d&rsquo;intervention permet de traiter des tensions et des conflits li\u00e9s aux situations de travail, aux relations interpersonnelles, \u00e0 la gouvernance de l&rsquo;organisation.<\/p>\n\n\n\n<p>Analyse de pratiques comme supervision d&rsquo;\u00e9quipes sont g\u00e9n\u00e9ralement conduites par des psychologues ou psychanalystes, ce qui n&rsquo;est pas du tout mon profil, bien que j&rsquo;en partage plusieurs principes : non-savoir, libert\u00e9 de parole, analyse de la demande par exemple.<\/p>\n\n\n\n<p>Mes  r\u00e9f\u00e9rentiels, \u00e9ducation populaire et socianalyse, m&rsquo;am\u00e8nent \u00e0 mettre bien plus l&rsquo;accent sur les causes institutionnelles des situations trait\u00e9es que sur le caract\u00e8re ou le temp\u00e9rament de tel ou tel acteur. Ces r\u00e9f\u00e9rentiels insistent aussi beaucoup sur le travail collectif des conflits et des tensions traversant un groupe, et mon exp\u00e9rience me permet d&rsquo;\u00eatre attentif et inclusif pour les personnes les moins habitu\u00e9es \u00e0 ce type de d\u00e9marche.<\/p>\n\n\n\n<p>Cette supervision d&rsquo;\u00e9quipe prend la forme de s\u00e9ances r\u00e9guli\u00e8res, d&rsquo;une dur\u00e9e de une \u00e0 deux journ\u00e9es et espac\u00e9es de quelques semaines \u00e0 quelques mois. <\/p>\n\n\n\n<p>L&rsquo;analyse de ces conflits et tensions permet \u00e0 l&rsquo;\u00e9quipe ou au collectif d&rsquo;agir sur leurs causes avant d&rsquo;en subir leurs effets. <\/p>\n\n\n\n<p><\/p>\n","protected":false},"excerpt":{"rendered":"<p>Co-fondateur de la SCOP Le Pav\u00e9, j&rsquo;ai particip\u00e9 \u00e0 la d\u00e9cision de son auto-dissolution en 2014. Nos savoirs issus de l&rsquo;\u00e9ducation populaire ne nous ont pas permis de r\u00e9soudre les tensions qui nous traversaient. Entre autres enseignements acquis de la fin de cette aventure, j&rsquo;en ai retir\u00e9 que si l&rsquo;\u00e9ducation populaire invite \u00e0 travailler les [&hellip;]<\/p>\n","protected":false},"author":1,"featured_media":0,"parent":3451,"menu_order":5,"comment_status":"closed","ping_status":"closed","template":"","meta":{"jetpack_post_was_ever_published":false,"footnotes":""},"class_list":["post-1786","page","type-page","status-publish","hentry"],"jetpack_sharing_enabled":true,"_links":{"self":[{"href":"https:\/\/www.sanstransition.org\/index.php\/wp-json\/wp\/v2\/pages\/1786","targetHints":{"allow":["GET"]}}],"collection":[{"href":"https:\/\/www.sanstransition.org\/index.php\/wp-json\/wp\/v2\/pages"}],"about":[{"href":"https:\/\/www.sanstransition.org\/index.php\/wp-json\/wp\/v2\/types\/page"}],"author":[{"embeddable":true,"href":"https:\/\/www.sanstransition.org\/index.php\/wp-json\/wp\/v2\/users\/1"}],"replies":[{"embeddable":true,"href":"https:\/\/www.sanstransition.org\/index.php\/wp-json\/wp\/v2\/comments?post=1786"}],"version-history":[{"count":4,"href":"https:\/\/www.sanstransition.org\/index.php\/wp-json\/wp\/v2\/pages\/1786\/revisions"}],"predecessor-version":[{"id":1814,"href":"https:\/\/www.sanstransition.org\/index.php\/wp-json\/wp\/v2\/pages\/1786\/revisions\/1814"}],"up":[{"embeddable":true,"href":"https:\/\/www.sanstransition.org\/index.php\/wp-json\/wp\/v2\/pages\/3451"}],"wp:attachment":[{"href":"https:\/\/www.sanstransition.org\/index.php\/wp-json\/wp\/v2\/media?parent=1786"}],"curies":[{"name":"wp","href":"https:\/\/api.w.org\/{rel}","templated":true}]}}