{"id":2462,"date":"2024-11-17T11:27:09","date_gmt":"2024-11-17T10:27:09","guid":{"rendered":"https:\/\/www.sanstransition.org\/?page_id=2462"},"modified":"2025-03-01T10:18:13","modified_gmt":"2025-03-01T09:18:13","slug":"gro-debat","status":"publish","type":"page","link":"https:\/\/www.sanstransition.org\/index.php\/education-populaire-2\/outils-danimation\/gro-debat\/","title":{"rendered":"GrO-D\u00e9BaT"},"content":{"rendered":"\n<h3 class=\"wp-block-heading\">Pr\u00e9sentation<\/h3>\n\n\n\n<p>Un GrO-D\u00e9BaT, c&rsquo;est un outil permettant \u00e0 un grand groupe de d\u00e9battre de nombreux sujets diff\u00e9rents et d&rsquo;\u00e9laborer des propositions sur chacun de ce sujets, et qui fonctionne m\u00eame avec une grande h\u00e9t\u00e9rog\u00e9n\u00e9it\u00e9 dans la maitrise des sujets \u00e0 aborder. &nbsp;<a href=\"https:\/\/www.sanstransition.org\/index.php\/outils-danimation\/outils-pour-discuter\/\" target=\"_blank\" rel=\"noreferrer noopener\">Une description de cet outil est disponible ici.<\/a><\/p>\n\n\n\n<p>Dur\u00e9e&nbsp;: 1h30 , nombre&nbsp;: illimit\u00e9, am\u00e9nagement&nbsp;: tables de 5\/6 personnes,<\/p>\n\n\n\n<p>D\u00e9sir&nbsp;: permettre \u00e0 chacun de trouver sa place dans un d\u00e9bat avec un grand nombre de personnes (plus de vingt), faciliter la r\u00e9flexion collective et l\u2019orienter vers l\u2019action collective<\/p>\n\n\n\n<figure class=\"wp-block-image size-full is-resized\"><img loading=\"lazy\" decoding=\"async\" width=\"370\" height=\"278\" src=\"https:\/\/www.sanstransition.org\/wp-content\/uploads\/2025\/03\/Grodebat_3oct17.jpg\" alt=\"\" class=\"wp-image-2718\" style=\"width:650px;height:auto\" srcset=\"https:\/\/www.sanstransition.org\/wp-content\/uploads\/2025\/03\/Grodebat_3oct17.jpg 370w, https:\/\/www.sanstransition.org\/wp-content\/uploads\/2025\/03\/Grodebat_3oct17-300x225.jpg 300w\" sizes=\"auto, (max-width: 370px) 100vw, 370px\" \/><\/figure>\n\n\n\n<h3 class=\"wp-block-heading\">Histoire<\/h3>\n\n\n\n<p>Cet outil a \u00e9t\u00e9 invent\u00e9 par le collectif organisateur du festival D\u00e9battons dans les rues, port\u00e9 par STAJ Touraine lors de sa premi\u00e8re \u00e9dition en 2006. Ce festival d&rsquo;\u00e9ducation populaire, qui a connu 3 \u00e9ditions, invitait des associations tourangelles \u00e0 proposer des actions de d\u00e9bat politique dans l&rsquo;espace public, comme une mani\u00e8re de d\u00e9multiplier et transmettre les exp\u00e9riences du collectif L\u00e9zards Politiques (fondateur des Porteurs de Parole, <a href=\"https:\/\/www.sanstransition.org\/index.php\/outils-danimation\/porteurs-de-parole\/\" target=\"_blank\" rel=\"noreferrer noopener\">plus d&rsquo;infos ici<\/a>).<\/p>\n\n\n\n<p>Pendant tout le festival, d&rsquo;une dur\u00e9e de deux semaines dans diff\u00e9rents espaces publics de Tours, les personnes rencontr\u00e9es \u00e9taient invit\u00e9es \u00e0 rejoindre ce GrO-D\u00e9BaT, temps de conclusion du festival. Ce GrO-D\u00e9BaT a \u00e9t\u00e9 pens\u00e9 comme une mani\u00e8re de rebrasser beaucoup de sujets abord\u00e9s ici ou l\u00e0 pendant le festival et faire se rencontrer les diff\u00e9rentes personnes souhaitant prolonger l&rsquo;exp\u00e9rience v\u00e9cue \u00e0 un moment ou un autre du festival.<\/p>\n\n\n\n<p>Chaque personne \u00e9tant libre de ses mouvements, je me rappelle que la plupart des personnes ont fini par rejoindre un d\u00e9bat passionnant sur le prix et la qualit\u00e9 du pain, en ayant quitt\u00e9 de nombreuses tables proposant des discussions plus politico-th\u00e9oriques. Cette soir\u00e9e fut pour moi une exp\u00e9rience fondatrice&#8230;<\/p>\n\n\n\n<p>Cet outil a ensuite \u00e9t\u00e9 diffus\u00e9 par la SCOP Le Pav\u00e9, notamment parce que c&rsquo;est un outil tr\u00e8s adapt\u00e9 pour une assembl\u00e9e g\u00e9n\u00e9rale cherchant \u00e0 impliquer les participants dans la d\u00e9finition des orientations de l&rsquo;ann\u00e9e \u00e0 venir.<\/p>\n\n\n\n<h3 class=\"wp-block-heading\">Pr\u00e9paration<\/h3>\n\n\n\n<p>Choisir les th\u00e8mes des diff\u00e9rentes tables, am\u00e9nager l\u2019espace. Sur chacune des tables, le th\u00e8me est indiqu\u00e9 (exemple&nbsp;: relations salari\u00e9s \/ b\u00e9n\u00e9voles, le financement, relations aux habitants, la grosse action du groupe\u2026). <\/p>\n\n\n\n<p>Il peut aussi l\u2019\u00eatre sous formes d\u2019affirmation, type d\u00e9bats mouvants&nbsp;: les salari\u00e9s sont des b\u00e9n\u00e9voles professionnels, il faut prospecter les fondations priv\u00e9es, trop peu d\u2019habitants connaissent nos actions, notre grosse action, elle \u00e9tait mieux avant\u2026 ou bien sous forme de question&nbsp;: \u00e0 quoi servent les salari\u00e9s&nbsp;? Quelle \u00e9thique sur nos financements&nbsp;? Notre association \/ structure manque-t-elle de publicit\u00e9 dans le quartier&nbsp;? Et si on arr\u00eatait notre grosse action&nbsp;? Nous laissons toujours au moins une table sans th\u00e8mes.<\/p>\n\n\n\n<h3 class=\"wp-block-heading\">Animation<\/h3>\n\n\n\n<p>Un premier temps de 5mn consiste \u00e0 d\u00e9ambuler pour d\u00e9couvrir les th\u00e8mes et choisir sa table. Les participants ne doivent pas tenir compte du nombre de places&nbsp;: si une table est vide, le th\u00e8me est supprim\u00e9, s\u2019il y a 10 participants sur une table, il faut alors scinder le groupe en 2 tables distinctes mais sur le m\u00eame th\u00e8me.<\/p>\n\n\n\n<p>Une fois les participants install\u00e9s, il ne reste \u00e0 l\u2019animateur qu\u2019\u00e0 trouver un syst\u00e8me pour que les groupes passent d\u2019une consigne \u00e0 l\u2019autre au cours de ce GrO-D\u00e9BaT. En effet, nous d\u00e9coupons le temps imparti en 4 phases, identiques pour toutes les tables&nbsp;: la premi\u00e8re consiste \u00e0 ce que le groupe r\u00e9ponde \u00e0 la question&nbsp;: \u00ab&nbsp;c\u2019est quoi le probl\u00e8me&nbsp;?&nbsp;\u00bb. Il ne s\u2019agit pas d\u2019\u00eatre d\u2019accord au sein du groupe mais de lister l\u2019ensemble des probl\u00e8mes vu au travers du th\u00e8me.<\/p>\n\n\n\n<p>Il est d\u2019ailleurs int\u00e9ressant d\u2019avoir un court temps individuel de 1 \u00e0 2 m<sup>n<\/sup>, au d\u00e9but de chaque phase pour que chacun ait le temps de se demander quelles pourrait \u00eatre ses id\u00e9es avant de se faire embarquer par la discussion collective et les id\u00e9es du premier \u00e0 prendre la parole. Puis une deuxi\u00e8me phase intitul\u00e9 \u00ab&nbsp;dans l\u2019id\u00e9al&nbsp;?&nbsp;\u00bb, une troisi\u00e8me nomm\u00e9e&nbsp;: \u00ab&nbsp;vos propositions&nbsp;?&nbsp;\u00bb et une quatri\u00e8me, optionnelle, consistant \u00e0 choisir une des propositions \u00e9mises \u00e0 la troisi\u00e8me phase et \u00e0 r\u00e9fl\u00e9chir \u00e0 sa mise-en-oeuvre concr\u00e8te. Un temps de 15 m<sup>n<\/sup> par phase nous semble un minimum, l\u2019id\u00e9al se situant autour des 30 m<sup>n<\/sup> par phase.<\/p>\n\n\n\n<p>Vient ensuite l\u2019\u00e9pineux moment de la restitution. \u00c9pineux car il y a une tendance \u00e0 \u00e9couter son rapporteur pour v\u00e9rifier ses propos et \u00e0 se d\u00e9sint\u00e9resser des autres rapporteurs, et donc \u00e0 s\u2019ennuyer. Parfois \u00e0 s\u2019ennuyer aussi en \u00e9coutant les autres rapporteurs. Les participants sortent d\u2019un temps de d\u00e9bat plut\u00f4t long et dans un petit groupe et sont donc impliqu\u00e9s et immerg\u00e9s dans leur th\u00e8me et leur petit groupe. Il est alors difficile de recevoir une mati\u00e8re dense, brute et multiple, de par le nombre de rapporteurs. <\/p>\n\n\n\n<p>Nous proposons alors de supprimer ce temps de restitution et de le remplacer par une compilation des comptes-rendus r\u00e9alis\u00e9s par le secr\u00e9taire de chacune des tables, soit nomm\u00e9 en amont du GrO-D\u00e9BaT soit au d\u00e9but de la premi\u00e8re phase. Cette compilation peut \u00eatre envoy\u00e9 par mail ou courrier et sans doute d\u2019autres moments de l\u2019association permettront d\u2019arbitrer sur toutes ces propositions.<\/p>\n\n\n\n<h3 class=\"wp-block-heading\">Variantes<\/h3>\n\n\n\n<p>Permettre \u00e0 chacun de changer de tables quand bon lui semble. Ce qui induit que le nombre de personnes par table est indiff\u00e9rent. Ou bien, au gong sonn\u00e9 toutes les 10 m<sup>n<\/sup>, demander \u00e0 une personne par table de changer de table. Ce qui n\u00e9cessite d\u2019accueillir la nouvelle personne mais nourrit le groupe r\u00e9guli\u00e8rement d\u2019apports ext\u00e9rieurs.<\/p>\n\n\n\n<h3 class=\"wp-block-heading\">NdlR<\/h3>\n\n\n\n<p>Nous proposons de faire de cette consigne le c\u0153ur de l\u2019animation d\u2019une assembl\u00e9e g\u00e9n\u00e9rale. Car elle permet \u00e0 chacun de se sentir utile et d\u2019entrer vraiment dans les choses. Elle n\u00e9cessite peu de pr\u00e9paration et est plut\u00f4t simple en terme d\u2019animation. Par contre, elle n\u00e9cessite d\u2019avoir la confiance n\u00e9cessaire du groupe pour qu\u2019ils puissent r\u00e9fl\u00e9chir \u00e0 un th\u00e8me et s\u2019imaginer que leurs propositions seront&nbsp;r\u00e9ellement \u00e9tudi\u00e9es\u2026 Cela fonctionne donc difficilement si au sein du groupe r\u00e9uni, le savoir ou la d\u00e9cision sont au mains de seulement quelques personnes.<\/p>\n","protected":false},"excerpt":{"rendered":"<p>Pr\u00e9sentation Un GrO-D\u00e9BaT, c&rsquo;est un outil permettant \u00e0 un grand groupe de d\u00e9battre de nombreux sujets diff\u00e9rents et d&rsquo;\u00e9laborer des propositions sur chacun de ce sujets, et qui fonctionne m\u00eame avec une grande h\u00e9t\u00e9rog\u00e9n\u00e9it\u00e9 dans la maitrise des sujets \u00e0 aborder. &nbsp;Une description de cet outil est disponible ici. Dur\u00e9e&nbsp;: 1h30 , nombre&nbsp;: illimit\u00e9, am\u00e9nagement&nbsp;: [&hellip;]<\/p>\n","protected":false},"author":1,"featured_media":0,"parent":1343,"menu_order":5,"comment_status":"closed","ping_status":"closed","template":"","meta":{"jetpack_post_was_ever_published":false,"footnotes":""},"class_list":["post-2462","page","type-page","status-publish","hentry"],"jetpack_sharing_enabled":true,"_links":{"self":[{"href":"https:\/\/www.sanstransition.org\/index.php\/wp-json\/wp\/v2\/pages\/2462","targetHints":{"allow":["GET"]}}],"collection":[{"href":"https:\/\/www.sanstransition.org\/index.php\/wp-json\/wp\/v2\/pages"}],"about":[{"href":"https:\/\/www.sanstransition.org\/index.php\/wp-json\/wp\/v2\/types\/page"}],"author":[{"embeddable":true,"href":"https:\/\/www.sanstransition.org\/index.php\/wp-json\/wp\/v2\/users\/1"}],"replies":[{"embeddable":true,"href":"https:\/\/www.sanstransition.org\/index.php\/wp-json\/wp\/v2\/comments?post=2462"}],"version-history":[{"count":2,"href":"https:\/\/www.sanstransition.org\/index.php\/wp-json\/wp\/v2\/pages\/2462\/revisions"}],"predecessor-version":[{"id":2719,"href":"https:\/\/www.sanstransition.org\/index.php\/wp-json\/wp\/v2\/pages\/2462\/revisions\/2719"}],"up":[{"embeddable":true,"href":"https:\/\/www.sanstransition.org\/index.php\/wp-json\/wp\/v2\/pages\/1343"}],"wp:attachment":[{"href":"https:\/\/www.sanstransition.org\/index.php\/wp-json\/wp\/v2\/media?parent=2462"}],"curies":[{"name":"wp","href":"https:\/\/api.w.org\/{rel}","templated":true}]}}