{"id":2465,"date":"2024-11-17T11:31:32","date_gmt":"2024-11-17T10:31:32","guid":{"rendered":"https:\/\/www.sanstransition.org\/?page_id=2465"},"modified":"2025-03-01T10:11:33","modified_gmt":"2025-03-01T09:11:33","slug":"debat-mouvant","status":"publish","type":"page","link":"https:\/\/www.sanstransition.org\/index.php\/education-populaire-2\/outils-danimation\/debat-mouvant\/","title":{"rendered":"D\u00e9bat Mouvant"},"content":{"rendered":"\n<h3 class=\"wp-block-heading\">Pr\u00e9sentation<\/h3>\n\n\n\n<p>Dur\u00e9e&nbsp;: 10mn , Nombre&nbsp;: illimit\u00e9, am\u00e9nagement&nbsp;: espace vide<\/p>\n\n\n\n<p>D\u00e9sir&nbsp;: comprendre les tenants et les aboutissants d\u2019une situation en un temps court pour mettre \u00ab&nbsp;\u00e0 niveau&nbsp;\u00bb tous les participants en d\u00e9but de s\u00e9ance.<\/p>\n\n\n\n<h3 class=\"wp-block-heading\">Pr\u00e9paration<\/h3>\n\n\n\n<p>trouver des affirmations clivantes, c\u2019est-\u00e0-dire une phrase simple r\u00e9sumant une position sur un sujet dont on suppose qu\u2019elle divisera le groupe en \u00ab&nbsp;Pour&nbsp;\u00bb et \u00ab&nbsp;Contre&nbsp;\u00bb. Exemple utilis\u00e9 dans la conf\u00e9rence gesticul\u00e9e sur le syndicalisme&nbsp;: le syndicalisme est utile et efficace.<\/p>\n\n\n\n<h3 class=\"wp-block-heading\">Animation<\/h3>\n\n\n\n<p>Rassembler les participants debout et group\u00e9, Proposer l\u2019affirmation et enjoindre les participants \u00e0 choisir leur camp par rapport \u00e0 une ligne au sol divisant l\u2019espace en 2 parties devant l\u2019animateur. Laisser 1mn pour choisir son camp. Expliquer que chaque camp aura alternativement la parole pour exposer un argument. <\/p>\n\n\n\n<figure class=\"wp-block-image size-full is-resized\"><img loading=\"lazy\" decoding=\"async\" width=\"212\" height=\"178\" src=\"https:\/\/www.sanstransition.org\/wp-content\/uploads\/2025\/03\/Debat-mouvant.jpg\" alt=\"\" class=\"wp-image-2711\" style=\"width:650px;height:auto\"\/><\/figure>\n\n\n\n<p>Les personnes convaincues peuvent changer de camp, et sans honte, vu que normalement tout le monde souhaiterait se mettre en milieu, les choses n\u2019\u00e9tant pas noires ou blanches. <\/p>\n\n\n\n<p>Les personnes ne pourront prendre la parole qu\u2019une seule fois. Et l\u2019animateur n\u2019a ensuite plus qu\u2019\u00e0 distribuer la parole et couper le d\u00e9bat mouvant une fois le temps \u00e9coul\u00e9, ou bien toutes les personnes dans le m\u00eame camp ou bien quand les arguments se r\u00e9p\u00e8tent.<\/p>\n\n\n\n<h3 class=\"wp-block-heading\">Variantes<\/h3>\n\n\n\n<p>Une variante consiste \u00e0 donner la parole \u00e0 celles et ceux qui changent de camp, pour en comprendre les raisons. Une autre variante est appel\u00e9e \u00ab&nbsp;rivi\u00e8re du doute&nbsp;\u00bb&nbsp;: on rajoute un espace au centre pour celles et ceux qui&nbsp;ne parviennent pas \u00e0 prendre position sur une berge ou une autre. Chaque berge cherche alors \u00e0 convaincre les personnes prises au doute.<\/p>\n\n\n\n<p>Une autre variante vise \u00e0 laisser un temps de pr\u00e9paration en petits groupes dans chaque camp avant l\u2019\u00e9change d\u2019arguments entre les 2 camps. Cela peut permettre \u00e0 chacun d\u2019avoir des arguments \u00e0 donner. Cela cr\u00e9\u00e9 en m\u00eame temps une coh\u00e9sion au sein de chaque camp rendant les changements de camp plus difficile. Une autre encore \u00e0 \u00e9couter d\u2019un bloc tous les arguments pr\u00e9par\u00e9s par un camp puis par l\u2019autre puis se r\u00e9unir \u00e0 nouveau au sein de chaque camp pour fournir r\u00e9ponses et questions face aux arguments du camp d\u2019en face. Et puis tellement d\u2019autres variantes combinant et complexifiant les variantes propos\u00e9es ici&nbsp;!<\/p>\n\n\n\n<h3 class=\"wp-block-heading\">NdlR<\/h3>\n\n\n\n<p>Un d\u00e9bat mouvant peut ainsi devenir une m\u00e9thode d\u2019animation de grands groupes sur des temps de plusieurs heures permettant d\u2019alterner petits groupes et grands groupes et de r\u00e9fl\u00e9chir ensemble \u00e0 une situation complexe, voire ensuite d\u2019y faire des propositions, voire m\u00eame d\u2019aller vers un d\u00e9bat-p\u00e9tale pour arbitrer ces propositions.<\/p>\n","protected":false},"excerpt":{"rendered":"<p>Pr\u00e9sentation Dur\u00e9e&nbsp;: 10mn , Nombre&nbsp;: illimit\u00e9, am\u00e9nagement&nbsp;: espace vide D\u00e9sir&nbsp;: comprendre les tenants et les aboutissants d\u2019une situation en un temps court pour mettre \u00ab&nbsp;\u00e0 niveau&nbsp;\u00bb tous les participants en d\u00e9but de s\u00e9ance. Pr\u00e9paration trouver des affirmations clivantes, c\u2019est-\u00e0-dire une phrase simple r\u00e9sumant une position sur un sujet dont on suppose qu\u2019elle divisera le groupe [&hellip;]<\/p>\n","protected":false},"author":1,"featured_media":0,"parent":1343,"menu_order":0,"comment_status":"closed","ping_status":"closed","template":"","meta":{"jetpack_post_was_ever_published":false,"footnotes":""},"class_list":["post-2465","page","type-page","status-publish","hentry"],"jetpack_sharing_enabled":true,"_links":{"self":[{"href":"https:\/\/www.sanstransition.org\/index.php\/wp-json\/wp\/v2\/pages\/2465","targetHints":{"allow":["GET"]}}],"collection":[{"href":"https:\/\/www.sanstransition.org\/index.php\/wp-json\/wp\/v2\/pages"}],"about":[{"href":"https:\/\/www.sanstransition.org\/index.php\/wp-json\/wp\/v2\/types\/page"}],"author":[{"embeddable":true,"href":"https:\/\/www.sanstransition.org\/index.php\/wp-json\/wp\/v2\/users\/1"}],"replies":[{"embeddable":true,"href":"https:\/\/www.sanstransition.org\/index.php\/wp-json\/wp\/v2\/comments?post=2465"}],"version-history":[{"count":3,"href":"https:\/\/www.sanstransition.org\/index.php\/wp-json\/wp\/v2\/pages\/2465\/revisions"}],"predecessor-version":[{"id":2713,"href":"https:\/\/www.sanstransition.org\/index.php\/wp-json\/wp\/v2\/pages\/2465\/revisions\/2713"}],"up":[{"embeddable":true,"href":"https:\/\/www.sanstransition.org\/index.php\/wp-json\/wp\/v2\/pages\/1343"}],"wp:attachment":[{"href":"https:\/\/www.sanstransition.org\/index.php\/wp-json\/wp\/v2\/media?parent=2465"}],"curies":[{"name":"wp","href":"https:\/\/api.w.org\/{rel}","templated":true}]}}