{"id":2468,"date":"2024-11-17T11:34:30","date_gmt":"2024-11-17T10:34:30","guid":{"rendered":"https:\/\/www.sanstransition.org\/?page_id=2468"},"modified":"2025-03-11T10:26:13","modified_gmt":"2025-03-11T09:26:13","slug":"arpentage","status":"publish","type":"page","link":"https:\/\/www.sanstransition.org\/index.php\/education-populaire-2\/outils-danimation\/arpentage\/","title":{"rendered":"Arpentage"},"content":{"rendered":"\n<figure class=\"wp-block-image size-large\"><img loading=\"lazy\" decoding=\"async\" width=\"1024\" height=\"700\" src=\"https:\/\/www.sanstransition.org\/wp-content\/uploads\/2025\/03\/arpentage-vectorise-1024x700.png\" alt=\"\" class=\"wp-image-2714\" srcset=\"https:\/\/www.sanstransition.org\/wp-content\/uploads\/2025\/03\/arpentage-vectorise-1024x700.png 1024w, https:\/\/www.sanstransition.org\/wp-content\/uploads\/2025\/03\/arpentage-vectorise-300x205.png 300w, https:\/\/www.sanstransition.org\/wp-content\/uploads\/2025\/03\/arpentage-vectorise-768x525.png 768w, https:\/\/www.sanstransition.org\/wp-content\/uploads\/2025\/03\/arpentage-vectorise.png 1255w\" sizes=\"auto, (max-width: 1024px) 100vw, 1024px\" \/><\/figure>\n\n\n\n<h3 class=\"wp-block-heading\">Pr\u00e9sentation<\/h3>\n\n\n\n<p>Cette m\u00e9thode s&rsquo;est largement diffus\u00e9e dans la soci\u00e9t\u00e9 fran\u00e7aise depuis quelques ann\u00e9es. Et tant mieux ! Mais, en se diffusant, comme souvent, cette m\u00e9thode s&rsquo;est rigidifi\u00e9e, il y aurait ainsi une proc\u00e9dure \u00e0 respecter pour faire un arpentage dans les r\u00e8gles de l&rsquo;art. Et des mythes se sont construits autour de cette m\u00e9thode, mythes qui renforcent l&rsquo;effet de mode autour de l&rsquo;arpentage.<\/p>\n\n\n\n<p>Cette page vise \u00e0 d\u00e9faire ces mythes, et \u00e0 pr\u00e9senter les principes de cette m\u00e9thode, permettant \u00e0 qui le souhaite de conduire des arpentages comme bon lui semble, en fonction du contexte, du public, des intentions&#8230; Bref, de remettre du mouvement, de la souplesse, de la cr\u00e9ativit\u00e9 dans l&rsquo;usage de cette m\u00e9thode.<\/p>\n\n\n\n<h3 class=\"wp-block-heading\">Intention<\/h3>\n\n\n\n<p>Lire un livre collectivement. Permettre \u00e0 un groupe d\u2019acqu\u00e9rir des savoirs communs, de s\u2019approprier des r\u00e9f\u00e9rences communes, et donc de sortir des dominations par le savoir, et \u00e0 chacun, et surtout aux non-lecteurs, de s\u2019offrir le luxe et le plaisir de d\u00e9couvrir des pens\u00e9es, des auteurs ou des th\u00e9ories, qu\u2019on ne serait pas all\u00e9 chercher sans \u00e7a.<\/p>\n\n\n\n<p>Cette m\u00e9thode, en se diffusant, a tendance \u00e0 devenir une \u00ab\u00a0recette\u00a0\u00bb d&rsquo;animation dont l&rsquo;intention devient de s&rsquo;approprier le plus efficacement possible le contenu d&rsquo;un livre. Cette recherche d&rsquo;efficacit\u00e9 centre l&rsquo;animation de la discussion sur \u00ab\u00a0ce qu&rsquo;il faut avoir compris\u00a0\u00bb de ce livre, invitant les participants \u00e0 faire, d&rsquo;une mani\u00e8re ou d&rsquo;une autre, un r\u00e9sum\u00e9 du fond de ce que chacun a lu.<\/p>\n\n\n\n<p>Le d\u00e9faut de cette intention, c&rsquo;est de reproduire un rapport scolaire \u00e0 la lecture. Ce n&rsquo;est pas forc\u00e9ment un probl\u00e8me si les participants n&rsquo;ont pas souffert \u00e0 l&rsquo;\u00e9cole de ce rapport \u00e0 la lecture et cherche effectivement \u00e0 comprendre rapidement le contenu d&rsquo;un livre.<\/p>\n\n\n\n<p>C&rsquo;est par contre dommage car l&rsquo;Arpentage, anim\u00e9 autrement, permet d&rsquo;ouvrir un autre rapport \u00e0 la lecture, largement d\u00e9complex\u00e9e par rapport aux souvenirs que beaucoup ont de l&rsquo;\u00e9cole, faisant la part belle au plaisir de lire. Si un arpentage peut servir \u00e0 s&rsquo;approprier le contenu d&rsquo;une \u0153uvre, cette m\u00e9thode peut aussi autoriser \u00e0 en penser quelque chose, ce qui est diff\u00e9rent. La suite de cette page est \u00e9crite dans cette seconde intention.<\/p>\n\n\n\n<p>En effet, s&rsquo;avouer collectivement qu&rsquo;on ne comprend pas grand chose \u00e0 un bouquin, critiquer un auteur en trouvant qu&rsquo;il se complait \u00e0 digresser sans tenir compte du lecteur, partager les deux ou trois id\u00e9es marquantes pour soi pendant cette lecture, c&rsquo;est aussi s&rsquo;approprier une \u0153uvre : apr\u00e8s un arpentage, on en pense quelque chose. Et c&rsquo;est possible, et m\u00eame autoris\u00e9 aux personnes qui ne seraient pas bac+12 de la discipline \u00e0 laquelle est rattach\u00e9e cette \u0153uvre.<\/p>\n\n\n\n<h3 class=\"wp-block-heading\">Histoire<\/h3>\n\n\n\n<p>La plupart des ressources existantes sur Internet pr\u00e9sentant l&rsquo;arpentage indique que cette m\u00e9thode est issue des cercles ouvriers du XIX\u00e8me si\u00e8cle. Ainsi les mineurs se r\u00e9unissaient apr\u00e8s une longue journ\u00e9e de labeur pour lire ensemble Marx \u00e0 la lueur de la bougie. <\/p>\n\n\n\n<p>En fait, c&rsquo;est Jean-Claude Lucien, militant du mouvement Peuple et Culture, qui a con\u00e7u des ateliers lecture dans les ann\u00e9es 1980-1990. Dans ces ateliers, il proposait aux participants de lire un texte ou un extrait de livre et puis d&rsquo;en discuter ensemble. Il utilisait diff\u00e9rentes technique d&rsquo;animation pour animer cette discussion, et a intitul\u00e9 ces ateliers des \u00ab\u00a0arpentages\u00a0\u00bb. Peuple et Culture continue d&rsquo;explorer un travail d&rsquo;\u00e9ducation populaire autour de la lecture. <\/p>\n\n\n\n<p>Deux personnes, Christophe Chigot et Anthony Durroy, participent \u00e0 un de ces arpentages en 2002.  S\u00e9duits par le principe, ils d\u00e9cident d&rsquo;animer, \u00e0 leur mani\u00e8re, d&rsquo;abord ensemble puis chacun de leur c\u00f4t\u00e9, des arpentages dans leurs propres r\u00e9seaux, en variant les formes d&rsquo;animation &#8211; 2 heures, une nuit, 2 jours&#8230; &#8211; et le type de lectures arpent\u00e9es. Anthony va arr\u00eater et Christophe va s&rsquo;installer dans cette pratique, et proposer tous les mois des arpentages dans les caf\u00e9s-lecture pendant 4 ans (plus d&rsquo;infos sur ce r\u00e9seau ici : <a href=\"https:\/\/resocafecantineasso.fr\/\">https:\/\/resocafecantineasso.fr\/<\/a>) et au sein du r\u00e9seau des CREFAD (<a href=\"https:\/\/reseaucrefad.org\/\">https:\/\/reseaucrefad.org\/<\/a>).<\/p>\n\n\n\n<p>Dans ses premiers ateliers, au cours des ann\u00e9es 2000, c&rsquo;est parfois une s\u00e9rie de livres et de textes qui sont propos\u00e9s \u00e0 la lecture, sur un th\u00e8me. Lorsque l&rsquo;atelier est consacr\u00e9 \u00e0 un livre, Christophe le photocopie int\u00e9gralement, pour que chaque personne puisse en lire une partie. <\/p>\n\n\n\n<p>Et, un jour, les photocopies ne sont pas faites. Au pied du mur, il d\u00e9cide de d\u00e9chirer le livre pour que l&rsquo;atelier puisse quand m\u00eame se tenir. Ensuite, selon les situations, il lui arrive de r\u00e9-utiliser cette id\u00e9e de d\u00e9chirer le livre \u00e0 lire, notamment pour la discussion que ce geste provoque. C&rsquo;est aussi un gain de temps : c&rsquo;est long de photocopier l&rsquo;int\u00e9gralit\u00e9 d&rsquo;un livre.<\/p>\n\n\n\n<p>Christophe Chigot va alors former des personnes et des \u00e9quipes \u00e0 cette m\u00e9thode, comme la SCOP Le Pav\u00e9 ou Pivoine, qui vont d\u00e9couvrir l&rsquo;arpentage au d\u00e9but des ann\u00e9es 2010. Le Pav\u00e9 va largement diffuser l&rsquo;arpentage au travers de ses formations, en insistant sur la n\u00e9cessit\u00e9 de d\u00e9chirer le livre comme acte symbolique fort dans le rapport aux savoirs. Les autres SCOP d&rsquo;\u00e9ducation populaire vont aussi se saisir de cet outil qui va ainsi se diffuser largement dans les r\u00e9seaux militants associatifs fran\u00e7ais.<\/p>\n\n\n\n<p>Au d\u00e9but des ann\u00e9es 2020, l&rsquo;arpentage est pr\u00e9sent dans de nombreux milieux sociaux diff\u00e9rents, bien au-del\u00e0 du champ socio-culturel. L&rsquo;engouement est tel que des m\u00e9dias nationaux s&rsquo;int\u00e9ressent \u00e0 l&rsquo;arpentage : vous trouverez ainsi en bas de cette page un lien vers un article de Lib\u00e9ration et une \u00e9mission de radio de France Culture consacr\u00e9e \u00e0 l&rsquo;Arpentage.<\/p>\n\n\n\n<h3 class=\"wp-block-heading\">Pr\u00e9paration<\/h3>\n\n\n\n<p>L&rsquo;animateur ou les participants choisissent le ou les textes qui seront arpent\u00e9s. Il n&rsquo;est pas n\u00e9cessaire que l&rsquo;animateur ait lu ces textes avant, c&rsquo;est m\u00eame une garantie qu&rsquo;il ne va pas chercher \u00e0 guider le groupe vers \u00ab\u00a0ce qu&rsquo;il faut avoir compris\u00a0\u00bb.<\/p>\n\n\n\n<p>Il va s&rsquo;agir de rendre un temps de lecture confortable. Selon les personnes, le confort prend un sens bien diff\u00e9rent : s&rsquo;isoler ? avoir quelque chose \u00e0 grignoter ? pouvoir stabyloter ? Assis ? Couch\u00e9 ? <\/p>\n\n\n\n<p>Puis de rendre une discussion autour d&rsquo;une lecture dynamique et inclusive, c&rsquo;est-\u00e0-dire de faciliter les apports potentiels de chaque participants \u00e0 la discussion. Donc d\u00e9finir d&rsquo;\u00e9ventuelles consignes de lecture et de discussion en fonction du contexte, du temps, de l&rsquo;endroit, des intentions et de la composition du groupe.<\/p>\n\n\n\n<h3 class=\"wp-block-heading\">Animation<\/h3>\n\n\n\n<h4 class=\"wp-block-heading\">D\u00e9couvrir ensemble un livre, avant de le lire<\/h4>\n\n\n\n<p>Un arpentage commence par une discussion collective : il s&rsquo;agit d&rsquo;\u00e9changer sur ce que l&rsquo;on pense qu&rsquo;on va vivre comme moment de lecture. Pour cela, on invite chacun \u00e0 commenter le livre sans l&rsquo;ouvrir, c&rsquo;est-\u00e0-dire \u00e0 partir du titre, de la taille du livre, de l&rsquo;\u00e9diteur, du prix, de l&rsquo;auteur, de la couverture, de l&rsquo;\u00e9paisseur du livre&#8230; bref, des informations que l&rsquo;on a sur le livre sans l&rsquo;ouvrir. Pense-t-on qu&rsquo;on va s&rsquo;ennuyer, souffrir, \u00eatre perdu, r\u00eaver, r\u00e9fl\u00e9chir, voyager&#8230; ?<\/p>\n\n\n\n<p>Que pense-t-on trouver dans ce livre ? Cette discussion permet aux plus sachants de partager ce qu&rsquo;ils savent de l&rsquo;auteur, de la maison d&rsquo;\u00e9dition, de la collection, du courant litt\u00e9raire auquel appartient ce livre, etc. Je renvoie ici \u00e0 un excellent livre, qui pourrait bien \u00eatre le premier \u00e0 arpenter pour un groupe souhaitant pratiquer cette m\u00e9thode, et encore plus pour l&rsquo;animateur : <a href=\"http:\/\/www.leseditionsdeminuit.fr\/livre-Comment_parler_des_livres_que_l_on_n_a_pas_lus__-2514-1-1-0-1.html\" data-type=\"link\" data-id=\"http:\/\/www.leseditionsdeminuit.fr\/livre-Comment_parler_des_livres_que_l_on_n_a_pas_lus__-2514-1-1-0-1.html\">comment parler des livres que l&rsquo;on n&rsquo;a pas lus ?<\/a> (le lien pointe vers la pr\u00e9sentation de ce livre sur le site de l&rsquo;\u00e9diteur)<\/p>\n\n\n\n<p>Cette discussion peut se poursuivre \u00e0 partir d&rsquo;une d\u00e9couverte collective du quatri\u00e8me de couverture et du sommaire, de la police et de la mise-en-page. Bref, des informations que l&rsquo;on a en s&rsquo;approchant du livre mais toujours sans commencer la lecture. Les ressentis sont toujours les bienvenus&nbsp;: \u00ab&nbsp;c\u2019est gros, c&rsquo;est \u00e9crit petit, il y a des notes de bas de page, \u00e7a doit \u00eatre chiant&nbsp;\u00bb.<\/p>\n\n\n\n<h4 class=\"wp-block-heading\">Se partager la lecture, et lire !<\/h4>\n\n\n\n<p>Puis vient le moment difficile pour certains o\u00f9 le livre va \u00eatre d\u00e9chir\u00e9 en autant de morceaux qu\u2019il y a de participants.  Il est aussi possible de partager le livre entre des bin\u00f4mes, pour que 2 personnes aient lu chaque morceau. Ce n&rsquo;est pas g\u00eanant qu&rsquo;une partie commence ou finisse au milieu d&rsquo;une phrase, c&rsquo;est possible aussi de distribuer des chapitres. On peut donc aussi photocopier le livre ! Ou en avoir un exemplaire par personne. <\/p>\n\n\n\n<p>Si un livre est d\u00e9chir\u00e9, une discussion peut aussi se lancer l\u00e0 autour de ce geste : le livre est sacr\u00e9, la lecture est sacralis\u00e9e, ce geste n&rsquo;est pas anodin. Lors d&rsquo;un premier arpentage, \u00e7a peut m\u00eame \u00eatre n\u00e9cessaire : ce geste peut provoquer des \u00e9motions fortes, vis-\u00e0-vis du prix du livre, de son rapport \u00e0 l&rsquo;\u00e9cole, aux savoirs, \u00e0 la censure&#8230; Pourtant, combien de livres finissent au pilon sans m\u00eame \u00eatre ouverts ? Il peut \u00eatre utile de distinguer d\u00e9chirer un livre pour le lire et le br\u00fbler pour l&rsquo;interdire.  <\/p>\n\n\n\n<p>C&rsquo;est alors parti pour le temps de lecture. La dur\u00e9e peut \u00eatre tr\u00e8s variable : des arpentages sont conduits sur 2 jours, c&rsquo;est aussi possible en deux heures. \u00c7a ne donne pas la m\u00eame chose bien s\u00fbr. Ce n&rsquo;est pas grave si ce temps ne permet pas de lire l&rsquo;int\u00e9gralit\u00e9 de sa partie, mais entrer dans un texte demande un temps minimum, de 30 \u00e0 45mn disons. Il peut aussi y avoir plusieurs allers\/retours entre lecture et discussion !<\/p>\n\n\n\n<h4 class=\"wp-block-heading\">En discuter ensemble<\/h4>\n\n\n\n<p>Selon l&rsquo;animation, il est possible de donner des consignes de lecture, ou non, du type : noter des phrases marquantes, des id\u00e9es fortes, ses d\u00e9saccords, ses questions&#8230; Les noter sur des post-it permet de les coller sur les pages du livre au fil de la lecture puis, pendant la discussion, de les coller sur un support collectif.<\/p>\n\n\n\n<p>J&rsquo;invite \u00e0 distinguer, dans les consignes de lecture possibles, celles qui renforcent un rapport scolaire \u00e0 la lecture, en invitant \u00e0 noter, puis partager, le contenu de ce qu&rsquo;on a lu et ce qu&rsquo;on en a compris, et les consignes qui s&rsquo;\u00e9cartent de ce rapport scolaire \u00e0 la lecture du type : ce que j&rsquo;ai ressenti en lisant, ce \u00e0 quoi cette lecture m&rsquo;a fait penser, ce qui m&rsquo;a \u00e9nerv\u00e9, ce qui m&rsquo;a plu, ce que je pense de l&rsquo;auteur ou du livre apr\u00e8s ce temps de lecture. Ce type de consignes ne n\u00e9cessite d&rsquo;ailleurs souvent aucune prise de notes pendant la lecture.<\/p>\n\n\n\n<p>Vient alors le temps des retrouvailles en groupe et de l&rsquo;\u00e9change autour de ce temps de lecture. Il y a alors \u00e9videmment de nombreuses variantes : il peut y avoir, ou non, une prise de notes de cette discussion, pour faire une fiche de lecture de ce livre. <\/p>\n\n\n\n<p>Les r\u00e9ponses individuelles aux \u00e9ventuelles consignes peuvent \u00eatre \u00e9crites sur des post-it qui seront ensuite affich\u00e9es sur des panneaux au fur et \u00e0 mesure des prises de paroles. Les prises de parole peuvent \u00eatre li\u00e9es \u00e0 la chronologie du livre ou bien \u00e0 b\u00e2ton rompu.<\/p>\n\n\n\n<p>En proposant aux participants de noter sur des post-it des mots, des phrases autour de quelques concepts forts d&rsquo;un livre, il est ainsi possible par exemple, de construire ensuite collectivement des cartes mentales de ces concepts et de se les approprier beaucoup plus facilement et finement qu&rsquo;en lisant seul ce livre !<\/p>\n\n\n\n<p>Cependant, il est dans tous les cas utile de d\u00e9marrer cette discussion par un temps de ressenti dans lequel on ne discute pas du fond du livre mais des \u00e9motions travers\u00e9es pendant ce temps de lecture. Ce temps permet de dire si la lecture \u00e9tait facile ou difficile, agr\u00e9able ou d\u00e9sagr\u00e9able, int\u00e9ressante ou non, etc. Je n&rsquo;ai pas trouv\u00e9 de meilleure modalit\u00e9 pour ce moment que la discussion \u00e0 b\u00e2ton rompu.<\/p>\n\n\n\n<h3 class=\"wp-block-heading\">NdlR<\/h3>\n\n\n\n<p>Ce qui est \u00e9tonnant dans un arpentage, c&rsquo;est que j&rsquo;ai toujours eu l&rsquo;impression de mieux saisir le sens d&rsquo;un livre, et de m&rsquo;en souvenir, lorsque les consignes de lecture n&rsquo;incitaient pas \u00e0 restituer ce qu&rsquo;il faut avoir compris de chacune des parties. <\/p>\n\n\n\n<p>Lorsque chaque personne peut dire les questions, les doutes, les \u00e9motions avec lesquelles elle ressort de ce temps de lecture, j&rsquo;ai toujours trouv\u00e9 une profondeur dans l&rsquo;appropriation collective d&rsquo;une \u0153uvre que je ne retrouve pas lorsqu&rsquo;il est demand\u00e9 \u00e0 chaque participant les 3 id\u00e9es fortes du passage qu&rsquo;il a lu. <\/p>\n\n\n\n<p>Et, \u00e9trangement, en ne partageant que des ressentis sur des morceaux du m\u00eame livre, une alchimie s\u2019op\u00e8re et chacun a le sentiment de s\u2019\u00eatre mieux appropri\u00e9 le contenu de ce livre que s\u2019il l\u2019avait lu in extenso lui-m\u00eame.<\/p>\n\n\n\n<p>Et en plus, en axant sur les questions, les doutes et les \u00e9motions, chaque personne peut plus facilement prendre sa place dans la discussion que lorsqu&rsquo;il s&rsquo;agit de restituer le contenu de sa partie, qui met en avant les bons \u00e9l\u00e8ves.<\/p>\n\n\n\n<p>Pour moi, la puissance de l&rsquo;arpentage, c&rsquo;est de pouvoir s&rsquo;\u00e9manciper d\u2019un rapport au savoir douloureux pour bon nombre de personnes. En miroir, l&rsquo;\u00e9cueil d&rsquo;un arpentage, c&rsquo;est de proposer de faire un r\u00e9sum\u00e9 des id\u00e9es contenues dans son morceau de livre puis de devoir en dire des choses intelligentes devant les autres participants.<\/p>\n\n\n\n<h2 class=\"wp-block-heading\">Ressources <\/h2>\n\n\n\n<ul class=\"wp-block-list\">\n<li><a href=\"https:\/\/soundcloud.com\/peuple-et-culture\/larpentage-hier-et-aujourdhui-avec-jean-claude-lucien?utm_source=clipboard&amp;utm_medium=text&amp;utm_campaign=social_sharing\">Une interview de Jean-Claude Lucien<\/a>, initiateur de cette m\u00e9thode faite par Peuple et Culture . Le lien pointe vers ce podcast sur SoundCloud. Jean-Claude Lucien pr\u00e9sente les origines et les \u00e9volutions de l\u2019arpentage, entre apports th\u00e9oriques et anecdotes.<\/li>\n<\/ul>\n\n\n\n<ul class=\"wp-block-list\">\n<li>Une \u00e9mission de radio de 10mn sur France Culture consacr\u00e9e \u00e0 l&rsquo;arpentage : <a href=\"https:\/\/www.radiofrance.fr\/franceculture\/podcasts\/le-point-culture\/l-arpentage-une-technique-de-lecture-en-groupe-qui-seduit-de-nouveaux-publics-3864471\">https:\/\/www.radiofrance.fr\/franceculture\/podcasts\/le-point-culture\/l-arpentage-une-technique-de-lecture-en-groupe-qui-seduit-de-nouveaux-publics-3864471<\/a><\/li>\n<\/ul>\n\n\n\n<ul class=\"wp-block-list\">\n<li>Un article sur Lib\u00e9ration (lecture r\u00e9serv\u00e9e aux abonn\u00e9s) : <a href=\"https:\/\/www.liberation.fr\/idees-et-debats\/arpentage-jaime-lidee-de-dechirer-les-livres-cest-un-geste-fort-pour-les-desacraliser-20230511_OP6LKO4YTNGDVNZGKXM3JLV2UU\/\">https:\/\/www.liberation.fr\/idees-et-debats\/arpentage-jaime-lidee-de-dechirer-les-livres-cest-un-geste-fort-pour-les-desacraliser-20230511_OP6LKO4YTNGDVNZGKXM3JLV2UU\/<\/a><\/li>\n<\/ul>\n\n\n\n<p>Voici plusieurs fiches d\u00e9taillant la conduite d&rsquo;un arpentage : <\/p>\n\n\n\n<ul class=\"wp-block-list\">\n<li>La fiche produite par Pivoine : <\/li>\n<\/ul>\n\n\n\n<div data-wp-interactive=\"core\/file\" class=\"wp-block-file\"><object data-wp-bind--hidden=\"!state.hasPdfPreview\" hidden class=\"wp-block-file__embed\" data=\"https:\/\/www.sanstransition.org\/wp-content\/uploads\/2025\/03\/Fiche-arpentage-par-Pivoine.pdf\" type=\"application\/pdf\" style=\"width:100%;height:600px\" aria-label=\"Contenu embarqu\u00e9 Fiche arpentage par Pivoine.\"><\/object><a id=\"wp-block-file--media-85505fef-cd2b-43ab-930c-0bc8ff1a2a53\" href=\"https:\/\/www.sanstransition.org\/wp-content\/uploads\/2025\/03\/Fiche-arpentage-par-Pivoine.pdf\">Fiche arpentage par Pivoine<\/a><a href=\"https:\/\/www.sanstransition.org\/wp-content\/uploads\/2025\/03\/Fiche-arpentage-par-Pivoine.pdf\" class=\"wp-block-file__button wp-element-button\" download aria-describedby=\"wp-block-file--media-85505fef-cd2b-43ab-930c-0bc8ff1a2a53\">T\u00e9l\u00e9charger<\/a><\/div>\n\n\n\n<ul class=\"wp-block-list\">\n<li>La fiche produite par Peuple et Culture : <\/li>\n<\/ul>\n\n\n\n<div data-wp-interactive=\"core\/file\" class=\"wp-block-file\"><object data-wp-bind--hidden=\"!state.hasPdfPreview\" hidden class=\"wp-block-file__embed\" data=\"https:\/\/www.sanstransition.org\/wp-content\/uploads\/2025\/03\/fichearpentage_pec.pdf\" type=\"application\/pdf\" style=\"width:100%;height:600px\" aria-label=\"Contenu embarqu\u00e9 fichearpentage_pec.\"><\/object><a id=\"wp-block-file--media-1706bbf7-e02e-42d4-b682-fbd9add561ce\" href=\"https:\/\/www.sanstransition.org\/wp-content\/uploads\/2025\/03\/fichearpentage_pec.pdf\">fichearpentage_pec<\/a><a href=\"https:\/\/www.sanstransition.org\/wp-content\/uploads\/2025\/03\/fichearpentage_pec.pdf\" class=\"wp-block-file__button wp-element-button\" download aria-describedby=\"wp-block-file--media-1706bbf7-e02e-42d4-b682-fbd9add561ce\">T\u00e9l\u00e9charger<\/a><\/div>\n\n\n\n<ul class=\"wp-block-list\">\n<li>La fiche produite par le CIEP : <\/li>\n<\/ul>\n\n\n\n<div data-wp-interactive=\"core\/file\" class=\"wp-block-file\"><object data-wp-bind--hidden=\"!state.hasPdfPreview\" hidden class=\"wp-block-file__embed\" data=\"https:\/\/www.sanstransition.org\/wp-content\/uploads\/2025\/03\/Fiche-CIEP-Arpentage.pdf\" type=\"application\/pdf\" style=\"width:100%;height:600px\" aria-label=\"Contenu embarqu\u00e9 Fiche CIEP Arpentage.\"><\/object><a id=\"wp-block-file--media-fe919d25-f9da-4016-b08c-5f01ffadfc27\" href=\"https:\/\/www.sanstransition.org\/wp-content\/uploads\/2025\/03\/Fiche-CIEP-Arpentage.pdf\">Fiche CIEP Arpentage<\/a><a href=\"https:\/\/www.sanstransition.org\/wp-content\/uploads\/2025\/03\/Fiche-CIEP-Arpentage.pdf\" class=\"wp-block-file__button wp-element-button\" download aria-describedby=\"wp-block-file--media-fe919d25-f9da-4016-b08c-5f01ffadfc27\">T\u00e9l\u00e9charger<\/a><\/div>\n\n\n\n<ul class=\"wp-block-list\">\n<li>et cette page en PDF !<\/li>\n<\/ul>\n\n\n\n<div data-wp-interactive=\"core\/file\" class=\"wp-block-file\"><object data-wp-bind--hidden=\"!state.hasPdfPreview\" hidden class=\"wp-block-file__embed\" data=\"https:\/\/www.sanstransition.org\/wp-content\/uploads\/2025\/03\/Fiche-Arpentage-Anthony-Brault.pdf\" type=\"application\/pdf\" style=\"width:100%;height:600px\" aria-label=\"Contenu embarqu\u00e9 Fiche Arpentage Anthony Brault.\"><\/object><a id=\"wp-block-file--media-fc1d9566-27d2-4bf0-b30d-0e504e8f53ac\" href=\"https:\/\/www.sanstransition.org\/wp-content\/uploads\/2025\/03\/Fiche-Arpentage-Anthony-Brault.pdf\">Fiche Arpentage Anthony Brault<\/a><a href=\"https:\/\/www.sanstransition.org\/wp-content\/uploads\/2025\/03\/Fiche-Arpentage-Anthony-Brault.pdf\" class=\"wp-block-file__button wp-element-button\" download aria-describedby=\"wp-block-file--media-fc1d9566-27d2-4bf0-b30d-0e504e8f53ac\">T\u00e9l\u00e9charger<\/a><\/div>\n","protected":false},"excerpt":{"rendered":"<p>Pr\u00e9sentation Cette m\u00e9thode s&rsquo;est largement diffus\u00e9e dans la soci\u00e9t\u00e9 fran\u00e7aise depuis quelques ann\u00e9es. Et tant mieux ! Mais, en se diffusant, comme souvent, cette m\u00e9thode s&rsquo;est rigidifi\u00e9e, il y aurait ainsi une proc\u00e9dure \u00e0 respecter pour faire un arpentage dans les r\u00e8gles de l&rsquo;art. Et des mythes se sont construits autour de cette m\u00e9thode, mythes [&hellip;]<\/p>\n","protected":false},"author":1,"featured_media":0,"parent":1343,"menu_order":6,"comment_status":"closed","ping_status":"closed","template":"","meta":{"jetpack_post_was_ever_published":false,"footnotes":""},"class_list":["post-2468","page","type-page","status-publish","hentry"],"jetpack_sharing_enabled":true,"_links":{"self":[{"href":"https:\/\/www.sanstransition.org\/index.php\/wp-json\/wp\/v2\/pages\/2468","targetHints":{"allow":["GET"]}}],"collection":[{"href":"https:\/\/www.sanstransition.org\/index.php\/wp-json\/wp\/v2\/pages"}],"about":[{"href":"https:\/\/www.sanstransition.org\/index.php\/wp-json\/wp\/v2\/types\/page"}],"author":[{"embeddable":true,"href":"https:\/\/www.sanstransition.org\/index.php\/wp-json\/wp\/v2\/users\/1"}],"replies":[{"embeddable":true,"href":"https:\/\/www.sanstransition.org\/index.php\/wp-json\/wp\/v2\/comments?post=2468"}],"version-history":[{"count":20,"href":"https:\/\/www.sanstransition.org\/index.php\/wp-json\/wp\/v2\/pages\/2468\/revisions"}],"predecessor-version":[{"id":2798,"href":"https:\/\/www.sanstransition.org\/index.php\/wp-json\/wp\/v2\/pages\/2468\/revisions\/2798"}],"up":[{"embeddable":true,"href":"https:\/\/www.sanstransition.org\/index.php\/wp-json\/wp\/v2\/pages\/1343"}],"wp:attachment":[{"href":"https:\/\/www.sanstransition.org\/index.php\/wp-json\/wp\/v2\/media?parent=2468"}],"curies":[{"name":"wp","href":"https:\/\/api.w.org\/{rel}","templated":true}]}}