{"id":2475,"date":"2024-11-17T12:43:57","date_gmt":"2024-11-17T11:43:57","guid":{"rendered":"https:\/\/www.sanstransition.org\/?page_id=2475"},"modified":"2026-03-13T16:31:09","modified_gmt":"2026-03-13T15:31:09","slug":"usages-de-la-socianalyse","status":"publish","type":"page","link":"https:\/\/www.sanstransition.org\/index.php\/interventions\/usages-de-la-socianalyse\/","title":{"rendered":"Usages de la socianalyse"},"content":{"rendered":"\n<h3 class=\"wp-block-heading\">Analyser le fonctionnement d&rsquo;une organisation<\/h3>\n\n\n\n<p>La socianalyse repose notamment sur une lecture dialectique des situations. Ainsi, par exemple, on peut dire que tout fonctionnement produit des dysfonctionnements, et un ensemble de dysfonctionnements constitue un fonctionnement.&nbsp;<\/p>\n\n\n\n<p>Les outils de l&rsquo;\u00e9ducation populaire sont souvent fantasm\u00e9s comme permettant de reprendre le contr\u00f4le sur ces dysfonctionnements. Au mieux, cela marche un temps. Car ces dysfonctionnements permettent de maintenir sous le tapis des sujets tabous, complexes ou conflictuels, et donc de faire tenir l&rsquo;organisation.&nbsp;<\/p>\n\n\n\n<p>Mais il peut arriver, si ces sujets ne sont pas trait\u00e9s, que ces dysfonctionnements se multiplient ou empirent, jusqu&rsquo;\u00e0 paralyser l&rsquo;organisation ou l&rsquo;amener dans un moment de crise tel que seuls des d\u00e9parts semblent \u00e0 m\u00eame de d\u00e9bloquer la situation. Et ce n&rsquo;est souvent que lorsque ces dysfonctionnements perdurent apr\u00e8s plusieurs d\u00e9parts que l&rsquo;id\u00e9e de les analyser prend de la consistance.<\/p>\n\n\n\n<p>La difficult\u00e9 consiste alors \u00e0 ne pas reprocher \u00e0 l&rsquo;un ou l&rsquo;autre membre de l&rsquo;organisation l&rsquo;existence de ces dysfonctionnements, dont les causes sont devenues multiples et enracin\u00e9es dans le pass\u00e9, les habitudes, les non-dits&#8230; L&rsquo;aide d&rsquo;un tiers peut \u00eatre pr\u00e9cieuse, voire indispensable, pour prendre de la hauteur.<\/p>\n\n\n\n<p>Une socianalyse permet dans ces cas-l\u00e0 de faire collectivement l&rsquo;inventaire des dysfonctionnements, de ce qu&rsquo;ils prot\u00e8gent, de ce qu&rsquo;ils permettent. Cette analyse permet alors de revisiter ce fonctionnement, les outils et les cadres qui le soutiennent pour l&rsquo;adapter aux nouvelles r\u00e9alit\u00e9s de l&rsquo;organisation.<\/p>\n\n\n\n<h3 class=\"wp-block-heading\">Superviser une \u00e9quipe<\/h3>\n\n\n\n<p>Si l\u2019\u00e9ducation populaire invite \u00e0 travailler les conflits et les tensions, il y a un moment o\u00f9 il faut se rendre \u00e0 l&rsquo;\u00e9vidence et demander de l&rsquo;aide. Mais comment d\u00e9terminer ce moment o\u00f9 les difficult\u00e9s sont trop importantes pour s\u2019en d\u00e9brouiller en interne ?<\/p>\n\n\n\n<p>Par exemple quand des choses ne se disent pas mais s\u2019invitent dans l\u2019atmosph\u00e8re de moments partag\u00e9s. Quand l&rsquo;\u00e9quipe ne comprend pas les causes de tensions qui la traversent. Quand les difficult\u00e9s perdurent ou se reproduisent malgr\u00e9 les actions entreprises.<\/p>\n\n\n\n<p>Si la socianalyse est adapt\u00e9e \u00e0 des situations bloqu\u00e9es ou critiques, elle est encore plus efficace lorsque les relations ne sont pas d\u00e9grad\u00e9es, lorsque la confiance est encore pr\u00e9sente.&nbsp;&nbsp;<\/p>\n\n\n\n<p>Ces supervisions d&rsquo;\u00e9quipe permettent de traiter des tensions et des conflits li\u00e9s aux situations de travail, aux relations interpersonnelles, \u00e0 la gouvernance de l\u2019organisation. L\u2019analyse de ces conflits et tensions permet \u00e0 l\u2019\u00e9quipe ou au collectif d\u2019agir sur leurs causes avant d\u2019en subir leurs effets.<\/p>\n\n\n\n<h3 class=\"wp-block-heading\">Clarifier la place des fondateurs<\/h3>\n\n\n\n<p>A l&rsquo;origine d&rsquo;une organisation, il y a n\u00e9cessairement une ou plusieurs personnes. Puis de nouvelles personnes vont rejoindre l&rsquo;aventure\u2026 et n\u00e9cessairement se r\u00e9f\u00e9rer au pass\u00e9, pour le poursuivre ou le transformer. Et voil\u00e0 les fondateurs pris dans ce dr\u00f4le de statut m\u00e9langeant gardien du temple, pourvoyeur de l\u00e9gitimit\u00e9, figure du pass\u00e9\u2026<\/p>\n\n\n\n<p>Qu&rsquo;il est difficile ensuite, pour ces personnes comme pour toutes les autres, de poursuivre l&rsquo;aventure d&rsquo;\u00e9gal \u00e0 \u00e9gal ! Une hi\u00e9rarchie s&rsquo;installe, formelle ou informelle, explicite ou implicite, souhait\u00e9e ou subie, entre les personnes fondatrices de l&rsquo;organisation et les autres.<\/p>\n\n\n\n<p>Quelle que soit la posture adopt\u00e9e par les personnes fondatrices et par toutes les autres, quel que soit le temp\u00e9rament des unes et des autres, il sera \u00e0 un moment n\u00e9cessaire de se pencher sur la place des fondateurs, pour la clarifier.Ce qui signifiera, pour une partie de l&rsquo;organisation, supprimer cette place d&rsquo;exception, tandis qu&rsquo;une autre partie souhaitera l&rsquo;am\u00e9nager et l&rsquo;officialiser,quand d&rsquo;autres encore s&rsquo;offusqueront \u00e0 l&rsquo;id\u00e9e m\u00eame de toucher \u00e0 ce statut.<\/p>\n\n\n\n<p>Quant \u00e0 elles, les personnes fondatrices craignent souvent leur exclusion ou l&rsquo;implosion de l&rsquo;organisation. Clarifier la place des fondateurs, c&rsquo;est toucher \u00e0 l&rsquo;identit\u00e9 du groupe, et affronter sa mort tel qu&rsquo;il est constitu\u00e9, pour en faire na\u00eetre un nouveau, sur d&rsquo;autres bases. Si la place des fondateurs est rarement le sujet officiel d&rsquo;une commande de socianalyse, c&rsquo;est tr\u00e8s souvent un sujet central de l&rsquo;intervention.<\/p>\n\n\n\n<p>Une socianalyse est un dispositif de travail pos\u00e9 sur la forme existante de l&rsquo;organisation. Ce dispositif permet de contenir l&rsquo;organisation le temps qu&rsquo;elle mute, et s\u00e9curise ainsi le passage d&rsquo;une forme \u00e0 une autre. Les deux ou trois premiers jours permettent ainsi \u00e0 chaque position d&rsquo;\u00eatre \u00e9nonc\u00e9e et entendue,puis \u00e0 diff\u00e9rents sc\u00e9narios d&rsquo;\u00eatre \u00e9labor\u00e9s, sans que l&rsquo;angoisse de la possible mort du groupe emp\u00eache ce travail, qui peut alors \u00eatre regard\u00e9e comme l&rsquo;un des sc\u00e9narios possibles.<\/p>\n\n\n\n<p>Si l&rsquo;exp\u00e9rience montre qu&rsquo;il n&rsquo;y a pas de solutions toutes faites au probl\u00e8me de la place des fondateurs &#8211; l&rsquo;issue d&rsquo;une socianalyse est \u00e0 chaque fois tr\u00e8s singuli\u00e8re &#8211; il est frappant d&rsquo;observer combien une place mal ajust\u00e9e et souvent non-dite, bloque les \u00e9nergies et les envies au sein d&rsquo;une organisation. Refuser d&rsquo;analyser ce type de situation peut m\u00eame amener \u00e0 condamner l&rsquo;organisation.<\/p>\n","protected":false},"excerpt":{"rendered":"<p>Analyser le fonctionnement d&rsquo;une organisation La socianalyse repose notamment sur une lecture dialectique des situations. Ainsi, par exemple, on peut dire que tout fonctionnement produit des dysfonctionnements, et un ensemble de dysfonctionnements constitue un fonctionnement.&nbsp; Les outils de l&rsquo;\u00e9ducation populaire sont souvent fantasm\u00e9s comme permettant de reprendre le contr\u00f4le sur ces dysfonctionnements. Au mieux, cela [&hellip;]<\/p>\n","protected":false},"author":1,"featured_media":0,"parent":3437,"menu_order":5,"comment_status":"closed","ping_status":"closed","template":"","meta":{"jetpack_post_was_ever_published":false,"footnotes":""},"class_list":["post-2475","page","type-page","status-publish","hentry"],"jetpack_sharing_enabled":true,"_links":{"self":[{"href":"https:\/\/www.sanstransition.org\/index.php\/wp-json\/wp\/v2\/pages\/2475","targetHints":{"allow":["GET"]}}],"collection":[{"href":"https:\/\/www.sanstransition.org\/index.php\/wp-json\/wp\/v2\/pages"}],"about":[{"href":"https:\/\/www.sanstransition.org\/index.php\/wp-json\/wp\/v2\/types\/page"}],"author":[{"embeddable":true,"href":"https:\/\/www.sanstransition.org\/index.php\/wp-json\/wp\/v2\/users\/1"}],"replies":[{"embeddable":true,"href":"https:\/\/www.sanstransition.org\/index.php\/wp-json\/wp\/v2\/comments?post=2475"}],"version-history":[{"count":3,"href":"https:\/\/www.sanstransition.org\/index.php\/wp-json\/wp\/v2\/pages\/2475\/revisions"}],"predecessor-version":[{"id":2758,"href":"https:\/\/www.sanstransition.org\/index.php\/wp-json\/wp\/v2\/pages\/2475\/revisions\/2758"}],"up":[{"embeddable":true,"href":"https:\/\/www.sanstransition.org\/index.php\/wp-json\/wp\/v2\/pages\/3437"}],"wp:attachment":[{"href":"https:\/\/www.sanstransition.org\/index.php\/wp-json\/wp\/v2\/media?parent=2475"}],"curies":[{"name":"wp","href":"https:\/\/api.w.org\/{rel}","templated":true}]}}