{"id":3437,"date":"2026-03-13T15:41:14","date_gmt":"2026-03-13T14:41:14","guid":{"rendered":"https:\/\/www.sanstransition.org\/?page_id=3437"},"modified":"2026-03-13T17:03:16","modified_gmt":"2026-03-13T16:03:16","slug":"interventions","status":"publish","type":"page","link":"https:\/\/www.sanstransition.org\/index.php\/interventions\/","title":{"rendered":"Interventions"},"content":{"rendered":"\n<p>R\u00e9-organisation du travail, changement de mod\u00e8le \u00e9conomique, d\u00e9part de fondateurs, souffrance au travail, reprise ou transmission d\u2019entreprise, crise de croissance, conflits inter-personnels\u2026 Une analyse institutionnelle, ou socianalyse, permet \u00e0 une \u00e9quipe de travail, \u00e0 une structure, de retrouver la ma\u00eetrise d\u2019une situation jusqu\u2019ici subie.<\/p>\n\n\n\n<p>Nous proposons la conduite d\u2019interventions br\u00e8ves au sein de collectifs, d\u2019entreprises, d\u2019associations ou toute institution qui en fait la demande.<\/p>\n\n\n\n<p>Nous intervenons aupr\u00e8s de groupes constitu\u00e9s, d\u2019\u00e9quipes b\u00e9n\u00e9voles ou professionnelles, d\u2019associations, d\u2019entreprises et de collectivit\u00e9s territoriales, au sein d\u2019\u00e9tablissements ferm\u00e9s et de services publics.<\/p>\n\n\n\n<p>Nous intervenons sur des situations difficiles, de crise, de changements, y compris sur les situations-limite de de souffrance au travail, de harc\u00e8lement sur le lieu de travail, d\u2019agression physique ou verbale, de crises de sens ou de d\u00e9saccords majeurs mettant en p\u00e9ril l\u2019aventure collective.<\/p>\n\n\n\n<p>Une intervention br\u00e8ve dure de trois \u00e0 cinq jours cons\u00e9cutifs. Nous r\u00e9-intervenons au besoin dans la conduite de la mise-en-\u0153uvre de d\u00e9cisions. Les honoraires sont g\u00e9n\u00e9ralement d\u00e9finis par l\u2019assembl\u00e9e pendant l\u2019intervention. <\/p>\n\n\n\n<p>Nous intervenons \u00e0 minima en bin\u00f4me, en fran\u00e7ais, sur l\u2019ensemble de l\u2019espace francophone. Nos dispositifs d\u2019intervention sont construits sur mesure en fonction de vos contraintes et de nos besoins.<\/p>\n\n\n\n<p>Nos m\u00e9thodes et notre posture d\u2019intervenants privil\u00e9gient la recherche des causes structurelles et institutionnelles aux situations rencontr\u00e9es et r\u00e9sistent aux ph\u00e9nom\u00e8nes de personnification et de psychologisation des probl\u00e8mes rencontr\u00e9es par le groupe.<\/p>\n\n\n\n<p>Notre intention est double : permettre, par notre r\u00f4le de tiers, l\u2019analyse collective d\u2019une situation-probl\u00e8me mais aussi faciliter l\u2019\u00e9mergence d\u2019une nouvelle forme permettant au groupe de contenir et laisser s\u2019\u00e9panouir les forces qui le composent.<\/p>\n","protected":false},"excerpt":{"rendered":"<p>R\u00e9-organisation du travail, changement de mod\u00e8le \u00e9conomique, d\u00e9part de fondateurs, souffrance au travail, reprise ou transmission d\u2019entreprise, crise de croissance, conflits inter-personnels\u2026 Une analyse institutionnelle, ou socianalyse, permet \u00e0 une \u00e9quipe de travail, \u00e0 une structure, de retrouver la ma\u00eetrise d\u2019une situation jusqu\u2019ici subie. Nous proposons la conduite d\u2019interventions br\u00e8ves au sein de collectifs, d\u2019entreprises, [&hellip;]<\/p>\n","protected":false},"author":1,"featured_media":0,"parent":0,"menu_order":1,"comment_status":"closed","ping_status":"closed","template":"","meta":{"jetpack_post_was_ever_published":false,"footnotes":""},"class_list":["post-3437","page","type-page","status-publish","hentry"],"jetpack_sharing_enabled":true,"_links":{"self":[{"href":"https:\/\/www.sanstransition.org\/index.php\/wp-json\/wp\/v2\/pages\/3437","targetHints":{"allow":["GET"]}}],"collection":[{"href":"https:\/\/www.sanstransition.org\/index.php\/wp-json\/wp\/v2\/pages"}],"about":[{"href":"https:\/\/www.sanstransition.org\/index.php\/wp-json\/wp\/v2\/types\/page"}],"author":[{"embeddable":true,"href":"https:\/\/www.sanstransition.org\/index.php\/wp-json\/wp\/v2\/users\/1"}],"replies":[{"embeddable":true,"href":"https:\/\/www.sanstransition.org\/index.php\/wp-json\/wp\/v2\/comments?post=3437"}],"version-history":[{"count":5,"href":"https:\/\/www.sanstransition.org\/index.php\/wp-json\/wp\/v2\/pages\/3437\/revisions"}],"predecessor-version":[{"id":3466,"href":"https:\/\/www.sanstransition.org\/index.php\/wp-json\/wp\/v2\/pages\/3437\/revisions\/3466"}],"wp:attachment":[{"href":"https:\/\/www.sanstransition.org\/index.php\/wp-json\/wp\/v2\/media?parent=3437"}],"curies":[{"name":"wp","href":"https:\/\/api.w.org\/{rel}","templated":true}]}}