{"id":447,"date":"2016-10-17T12:53:51","date_gmt":"2016-10-17T10:53:51","guid":{"rendered":"http:\/\/www.sanstransition.org\/?page_id=447"},"modified":"2026-03-13T15:44:34","modified_gmt":"2026-03-13T14:44:34","slug":"education-populaire","status":"publish","type":"page","link":"https:\/\/www.sanstransition.org\/index.php\/education-populaire\/","title":{"rendered":"Formations"},"content":{"rendered":"\n<p>Sans Transition propose des formations, g\u00e9n\u00e9ralement de trois \u00e0 quatre jours pour s\u2019initier, selon,  \u00e0 des outils d\u2019intervention ou d\u2019analyse, issus de l&rsquo;\u00e9ducation populaire.<\/p>\n\n\n\n<p>Pour programmer une de ces formations dans votre structure, contactez-moi !<\/p>\n\n\n\n<p><strong>Ces formations sont organis\u00e9es dans le cadre de la formation professionnelle continue. Elles sont donc accessibles \u00e0 la prise-en-charge par des OPCO en les inscrivant au plan de formation d&rsquo;une structure.<\/strong><\/p>\n\n\n\n<p><em>Sans Transition est membre d\u2019Oxalis, certifi\u00e9e Qualiopi au titre des actions de formation, des bilans de comp\u00e9tences et des actions permettant de faire valider les acquis de l\u2019exp\u00e9rience<\/em><\/p>\n\n\n<h2 class=\"western\" style=\"text-align: left;\" align=\"CENTER\">Principes de formation<\/h2>\n<h3 class=\"western\">Partir des stagiaires<\/h3>\n<p class=\"western\">Les premiers temps de nos formations consistent \u00e0 partager des r\u00e9cits d&rsquo;exp\u00e9rience apport\u00e9s par les stagiaires. Les apports font la part belle aux r\u00e9actions et aux d\u00e9bats des stagiaires. Les derniers temps explorent les utilisations possibles des apports du stage dans leurs contextes r\u00e9els.<\/p>\n<h3 class=\"western\">Favoriser l&rsquo;exp\u00e9rimentation<\/h3>\n<p class=\"western\">C&rsquo;est souvent l&rsquo;isolement, le manque de l\u00e9gitimit\u00e9 ou de cadre pour agir qui emp\u00eache des changements de se produire, bien plus qu&rsquo;un manque de savoir-faire. Pour \u00e9chapper \u00e0 ce constat, la tentation de la recette magique est toujours grande. Les outils que nous proposons sont exp\u00e9riment\u00e9s et critiqu\u00e9s collectivement pendant le stage, pour les utiliser en sachant les adapter \u00e0 son contexte.<\/p>\n<h3 class=\"western\">Privil\u00e9gier le v\u00e9cu sur le pr\u00e9vu<\/h3>\n<p class=\"western\">Nos formations r\u00e9pondent \u00abin-situ\u00bb au v\u00e9cu des participants, \u00e0 leurs besoins et leurs int\u00e9r\u00eats exprim\u00e9s, aux questions et aux difficult\u00e9s rep\u00e9r\u00e9es. Ce qui n\u00e9cessite un recueil r\u00e9gulier des ressentis et questionnements des participants.<\/p>\n<h3 class=\"western\">Penser complexe<\/h3>\n<p class=\"western\">Passer directement des faits aux solutions ne r\u00e9sout pas grand chose. Accepter que la v\u00e9rit\u00e9 a de multiples visages est difficile. S&rsquo;y refuser, c&rsquo;est abdiquer sur tout changement en profondeur. Pour penser complexe, nous privil\u00e9gions le pragmatisme \u00e0 l&rsquo;id\u00e9ologie et utilisons notamment les d\u00e9marches de l&rsquo;analyse institutionnelle et de l\u2019entra\u00eenement mental.<\/p>\n\n\n<p><\/p>\n","protected":false},"excerpt":{"rendered":"<p>Sans Transition propose des formations, g\u00e9n\u00e9ralement de trois \u00e0 quatre jours pour s\u2019initier, selon, \u00e0 des outils d\u2019intervention ou d\u2019analyse, issus de l&rsquo;\u00e9ducation populaire. Pour programmer une de ces formations dans votre structure, contactez-moi ! Ces formations sont organis\u00e9es dans le cadre de la formation professionnelle continue. Elles sont donc accessibles \u00e0 la prise-en-charge par [&hellip;]<\/p>\n","protected":false},"author":1,"featured_media":0,"parent":0,"menu_order":2,"comment_status":"closed","ping_status":"closed","template":"","meta":{"jetpack_post_was_ever_published":false,"footnotes":""},"class_list":["post-447","page","type-page","status-publish","hentry"],"jetpack_sharing_enabled":true,"_links":{"self":[{"href":"https:\/\/www.sanstransition.org\/index.php\/wp-json\/wp\/v2\/pages\/447","targetHints":{"allow":["GET"]}}],"collection":[{"href":"https:\/\/www.sanstransition.org\/index.php\/wp-json\/wp\/v2\/pages"}],"about":[{"href":"https:\/\/www.sanstransition.org\/index.php\/wp-json\/wp\/v2\/types\/page"}],"author":[{"embeddable":true,"href":"https:\/\/www.sanstransition.org\/index.php\/wp-json\/wp\/v2\/users\/1"}],"replies":[{"embeddable":true,"href":"https:\/\/www.sanstransition.org\/index.php\/wp-json\/wp\/v2\/comments?post=447"}],"version-history":[{"count":10,"href":"https:\/\/www.sanstransition.org\/index.php\/wp-json\/wp\/v2\/pages\/447\/revisions"}],"predecessor-version":[{"id":1612,"href":"https:\/\/www.sanstransition.org\/index.php\/wp-json\/wp\/v2\/pages\/447\/revisions\/1612"}],"wp:attachment":[{"href":"https:\/\/www.sanstransition.org\/index.php\/wp-json\/wp\/v2\/media?parent=447"}],"curies":[{"name":"wp","href":"https:\/\/api.w.org\/{rel}","templated":true}]}}