{"id":717,"date":"2017-01-22T11:25:34","date_gmt":"2017-01-22T10:25:34","guid":{"rendered":"http:\/\/www.sanstransition.org\/?page_id=717"},"modified":"2024-04-20T11:54:47","modified_gmt":"2024-04-20T09:54:47","slug":"sinscrire-a-une-formation","status":"publish","type":"page","link":"https:\/\/www.sanstransition.org\/index.php\/et-sinon\/sinscrire-a-une-formation\/","title":{"rendered":"S&rsquo;inscrire \u00e0 une formation"},"content":{"rendered":"\n<p>2 solutions si vous \u00eates int\u00e9ress\u00e9s par une de mes formations :&nbsp;<\/p>\n\n\n\n<ul class=\"wp-block-list\">\n<li>Faites-moi signe si vous \u00eates pr\u00eats \u00e0 vous d\u00e9placer. D\u00e8s que j&rsquo;aurai un noyau de quelques personnes, je reviendrais vers vous pour trouver des dates qui conviennent \u00e0 toutes et tous !<\/li>\n\n\n\n<li>Si vous avez plusieurs personnes int\u00e9ress\u00e9es dans votre entourage, faites-moi signe pour voir comment, quand et ou organiser ce stage par chez vous !<\/li>\n<\/ul>\n\n\n\n<p>Pour me faire signe :<\/p>\n\n\n<div class=\"wp-block-jetpack-contact-form is-layout-flex wp-container-jetpack-contact-form-is-layout-b7ed9015 wp-block-jetpack-contact-form-is-layout-flex\"><a href=\"https:\/\/www.sanstransition.org\/index.php\/et-sinon\/sinscrire-a-une-formation\/\" target=\"_blank\" rel=\"noopener noreferrer\">Soumettre un formulaire.<\/a><\/div>\n\n\n<h2 class=\"wp-block-heading\">Financement<\/h2>\n\n\n\n<h3 class=\"wp-block-heading\">Vous \u00eates salari\u00e9<\/h3>\n\n\n\n<p>Il y a plusieurs mani\u00e8res, enveloppes, dispositifs pour financer une formation. Selon votre situation, je pourrai vous aiguiller pour obtenir une prise-en-charge des co\u00fbts de la formation par votre OPCO.<\/p>\n\n\n\n<p>Pour s&rsquo;inscrire, je vous enverrai un devis ainsi qu&rsquo;un programme pour effectuer votre d\u00e9marche de prise en charge. Documents \u00e0 adresser \u00e0 l&#8217;employeur. Nous \u00e9tablirons une convention de stage \u00e0 retourner sign\u00e9e par courrier. Cette convention valide votre inscription.<\/p>\n\n\n\n<h3 class=\"wp-block-heading\">Vous \u00eates b\u00e9n\u00e9vole dans une association<\/h3>\n\n\n\n<p>Et pourquoi pas demander \u00e0 cette association de prendre en charge tout ou partie du co\u00fbt de la formation ? C&rsquo;est une mani\u00e8re de reconna\u00eetre l&rsquo;investissement b\u00e9n\u00e9vole d&rsquo;une personne dans une association ! <\/p>\n\n\n\n<p>Le co\u00fbt de la formation est diff\u00e9renci\u00e9 suivant s&rsquo;il est pris par l&#8217;employeur, par une association ou par vous directement. Si vous n\u2019avez pas de possibilit\u00e9 de prise en charge, contactez-moi !<\/p>\n","protected":false},"excerpt":{"rendered":"<p>2 solutions si vous \u00eates int\u00e9ress\u00e9s par une de mes formations :&nbsp; Pour me faire signe : Financement Vous \u00eates salari\u00e9 Il y a plusieurs mani\u00e8res, enveloppes, dispositifs pour financer une formation. Selon votre situation, je pourrai vous aiguiller pour obtenir une prise-en-charge des co\u00fbts de la formation par votre OPCO. Pour s&rsquo;inscrire, je vous [&hellip;]<\/p>\n","protected":false},"author":1,"featured_media":0,"parent":729,"menu_order":0,"comment_status":"closed","ping_status":"closed","template":"","meta":{"jetpack_post_was_ever_published":true,"footnotes":""},"class_list":["post-717","page","type-page","status-publish","hentry"],"jetpack_sharing_enabled":true,"_links":{"self":[{"href":"https:\/\/www.sanstransition.org\/index.php\/wp-json\/wp\/v2\/pages\/717","targetHints":{"allow":["GET"]}}],"collection":[{"href":"https:\/\/www.sanstransition.org\/index.php\/wp-json\/wp\/v2\/pages"}],"about":[{"href":"https:\/\/www.sanstransition.org\/index.php\/wp-json\/wp\/v2\/types\/page"}],"author":[{"embeddable":true,"href":"https:\/\/www.sanstransition.org\/index.php\/wp-json\/wp\/v2\/users\/1"}],"replies":[{"embeddable":true,"href":"https:\/\/www.sanstransition.org\/index.php\/wp-json\/wp\/v2\/comments?post=717"}],"version-history":[{"count":5,"href":"https:\/\/www.sanstransition.org\/index.php\/wp-json\/wp\/v2\/pages\/717\/revisions"}],"predecessor-version":[{"id":1664,"href":"https:\/\/www.sanstransition.org\/index.php\/wp-json\/wp\/v2\/pages\/717\/revisions\/1664"}],"up":[{"embeddable":true,"href":"https:\/\/www.sanstransition.org\/index.php\/wp-json\/wp\/v2\/pages\/729"}],"wp:attachment":[{"href":"https:\/\/www.sanstransition.org\/index.php\/wp-json\/wp\/v2\/media?parent=717"}],"curies":[{"name":"wp","href":"https:\/\/api.w.org\/{rel}","templated":true}]}}