{"id":93,"date":"2015-10-06T16:04:59","date_gmt":"2015-10-06T14:04:59","guid":{"rendered":"http:\/\/www.leseconddegredelanimation.org\/?page_id=93"},"modified":"2025-03-06T12:45:49","modified_gmt":"2025-03-06T11:45:49","slug":"pratiques-de-l-education-populaire-politique","status":"publish","type":"page","link":"https:\/\/www.sanstransition.org\/index.php\/education-populaire\/pratiques-de-l-education-populaire-politique\/","title":{"rendered":"Pratiques de L&rsquo;\u00e9ducation populaire"},"content":{"rendered":"\n<h3 class=\"wp-block-heading\">Pr\u00e9sentation<\/h3>\n\n\n\n<figure class=\"wp-block-image aligncenter size-full\"><img loading=\"lazy\" decoding=\"async\" width=\"300\" height=\"198\" src=\"https:\/\/www.sanstransition.org\/wp-content\/uploads\/2023\/01\/dessin-2-300x198-1.png\" alt=\"\" class=\"wp-image-1311\"\/><\/figure>\n\n\n\n<p>R\u00e9unir des personnes pour faire avancer une cause ou des id\u00e9es est indispensable mais souvent insuffisante : l&rsquo;intelligence collective, la rigueur dans l&rsquo;analyse, la qualit\u00e9 d&rsquo;un processus ne naissent pas spontan\u00e9ment de ces rencontres.<\/p>\n\n\n\n<p>Voici une formation qui propose d&rsquo;initier les participants \u00e0 un panel d&rsquo;outils issus de l&rsquo;\u00e9ducation populaire : porteurs de parole, d\u00e9bat-p\u00e9tale, GrO-D\u00e9BaT, sociocratie,&nbsp; d\u00e9bats mouvants, enqu\u00eates conscientisantes&#8230;<\/p>\n\n\n\n<p>Voil\u00e0 pour le c\u00f4t\u00e9 pile. C\u00f4t\u00e9 face, cette formation propose d&rsquo;analyser ce qui am\u00e8ne \u00e0 prendre l&rsquo;utilisation de ces outils comme finalit\u00e9 de temps de discussion. Quelles id\u00e9ologies sont port\u00e9es par ces outils ? D&rsquo;o\u00f9 viennent-ils ? A quelles limites de ces outils sommes-nous aveugles ou ignorants ? A quelles pentes glissantes nous exposent-ils ?<\/p>\n\n\n\n<p>Universit\u00e9 d&rsquo;\u00e9t\u00e9, week-end de r\u00e9flexion, commission projet, groupe th\u00e9matique, comit\u00e9 de pilotage, conseil d&rsquo;administration, assembl\u00e9e g\u00e9n\u00e9rale&#8230; Ces temps collectifs sont pr\u00e9cieux et souvent pas pr\u00e9par\u00e9s, peu anim\u00e9s, parfois sans traces et souvent sans suites.<\/p>\n\n\n\n<p>Cette formation vise \u00e0 explorer la tension entre le d\u00e9sir d&rsquo;efficacit\u00e9 \u00e0 port\u00e9e d&rsquo;outils et les valeurs de l&rsquo;\u00e9ducation populaire politique. Que faisons-nous de nos outils ?<\/p>\n\n\n\n<h3 class=\"wp-block-heading\">Pour programmer cette formation<\/h3>\n\n\n\n<p>J\u2019interviens sur demande d\u2019une organisation pour son \u00e9quipe de salari\u00e9-e-s et\/ou de b\u00e9n\u00e9voles. Pour obtenir une prise en charge de cette formation par votre OPCO, contactez-moi.<\/p>\n\n\n\n<p>Cette formation est en effet accessible \u00e0 une prise-en-charge par les fonds de formation. En effet, Sans Transition est membre d\u2019Oxalis, certifi\u00e9e Qualiopi au titre des actions de formation, des bilans de comp\u00e9tences et des actions permettant de faire valider les acquis de l\u2019exp\u00e9rience.<\/p>\n\n\n\n<p>En dehors de demandes \u00e9manant d\u2019une \u00e9quipe de travail, je peux aussi la programmer par chez vous si un noyau de personnes s\u2019organise pour l\u2019accueillir. Le financement peut alors se faire via des demandes de prise-en-charge de cette formation \u00e0 l\u2019employeur des personnes salari\u00e9es.<\/p>\n\n\n\n<p>Dans tous les cas, contactez-moi ! (\u00c9crire<em> \u00e0 <a href=\"mailto:anthonybrault@gmail.com\">anthonybrault@gmail.com<\/a><\/em>)<\/p>\n\n\n\n<p>Personnes en situation de handicap : des conditions d\u2019accessibilit\u00e9s peuvent \u00eatre mises en place. Merci de nous en informer avant afin de convenir ensemble des modalit\u00e9s d\u2019accueil.<\/p>\n\n\n\n<h3 class=\"wp-block-heading\">Ressources<\/h3>\n\n\n\n<ul class=\"wp-block-list\">\n<li>Le dossier du num\u00e9ro deux, consacr\u00e9 \u00e0 la participation, de la revue du Pav\u00e9 : Le <a href=\"https:\/\/www.sanstransition.org\/wp-content\/uploads\/5_-_lepave-cahier2-_guide_a_l_usage_des_participants.pdf\">guide_a_l_usage_des_participants.<\/a><\/li>\n\n\n\n<li>Le r\u00e9cit d&rsquo;une colo dont j&rsquo;\u00e9tais le directeur paru dans la m\u00eame revue :<a href=\"https:\/\/www.sanstransition.org\/wp-content\/uploads\/4_-_lepave-cahier2-_l_aubette_une_colo_anime_e_par_les_enfants.pdf\"> L&rsquo;Aubette, une colonie anim\u00e9e par les enfants<\/a><\/li>\n\n\n\n<li>Une \u00e9tude qui prouvent enfin que c&rsquo;\u00e9tait mieux avant ! Derri\u00e8re la boutade, la v\u00e9rit\u00e9 est l\u00e0:<a href=\"https:\/\/www.sanstransition.org\/wp-content\/uploads\/Les-fran\u00e7ais-se-parlent-de-moins-en-moins.pdf\"> les fran\u00e7ais se parlent de moins en moins.<\/a><\/li>\n\n\n\n<li><a href=\"https:\/\/www.sanstransition.org\/wp-content\/uploads\/livret-DVD-porteur-de-parole-web.pdf\">Le guide du porteurs de paroles<\/a><\/li>\n\n\n\n<li>Le <a href=\"http:\/\/www.lecontrepied.org\/IMG\/mp4\/porteur_de_paroles-web.mp4\">documentaire<\/a> produit aussi par le Contrepied sur cette m\u00e9thode d\u2019\u00e9ducation populaire qui se pratique dans la rue :<\/li>\n<\/ul>\n","protected":false},"excerpt":{"rendered":"<p>Pr\u00e9sentation R\u00e9unir des personnes pour faire avancer une cause ou des id\u00e9es est indispensable mais souvent insuffisante : l&rsquo;intelligence collective, la rigueur dans l&rsquo;analyse, la qualit\u00e9 d&rsquo;un processus ne naissent pas spontan\u00e9ment de ces rencontres. Voici une formation qui propose d&rsquo;initier les participants \u00e0 un panel d&rsquo;outils issus de l&rsquo;\u00e9ducation populaire : porteurs de parole, [&hellip;]<\/p>\n","protected":false},"author":2,"featured_media":0,"parent":447,"menu_order":0,"comment_status":"closed","ping_status":"closed","template":"","meta":{"jetpack_post_was_ever_published":false,"footnotes":""},"class_list":["post-93","page","type-page","status-publish","hentry"],"jetpack_sharing_enabled":true,"_links":{"self":[{"href":"https:\/\/www.sanstransition.org\/index.php\/wp-json\/wp\/v2\/pages\/93","targetHints":{"allow":["GET"]}}],"collection":[{"href":"https:\/\/www.sanstransition.org\/index.php\/wp-json\/wp\/v2\/pages"}],"about":[{"href":"https:\/\/www.sanstransition.org\/index.php\/wp-json\/wp\/v2\/types\/page"}],"author":[{"embeddable":true,"href":"https:\/\/www.sanstransition.org\/index.php\/wp-json\/wp\/v2\/users\/2"}],"replies":[{"embeddable":true,"href":"https:\/\/www.sanstransition.org\/index.php\/wp-json\/wp\/v2\/comments?post=93"}],"version-history":[{"count":12,"href":"https:\/\/www.sanstransition.org\/index.php\/wp-json\/wp\/v2\/pages\/93\/revisions"}],"predecessor-version":[{"id":2768,"href":"https:\/\/www.sanstransition.org\/index.php\/wp-json\/wp\/v2\/pages\/93\/revisions\/2768"}],"up":[{"embeddable":true,"href":"https:\/\/www.sanstransition.org\/index.php\/wp-json\/wp\/v2\/pages\/447"}],"wp:attachment":[{"href":"https:\/\/www.sanstransition.org\/index.php\/wp-json\/wp\/v2\/media?parent=93"}],"curies":[{"name":"wp","href":"https:\/\/api.w.org\/{rel}","templated":true}]}}